{"id":806,"date":"2017-11-30T06:33:13","date_gmt":"2017-11-30T05:33:13","guid":{"rendered":"http:\/\/www.novigradsko-proljece.com\/web\/?page_id=806"},"modified":"2021-12-24T11:21:45","modified_gmt":"2021-12-24T10:21:45","slug":"naslovnica","status":"publish","type":"page","link":"https:\/\/www.novigradsko-proljece.com\/web\/","title":{"rendered":"Naslovnica"},"content":{"rendered":"","protected":false},"excerpt":{"rendered":"","protected":false},"author":1,"featured_media":1315,"parent":0,"menu_order":0,"comment_status":"closed","ping_status":"closed","template":"","meta":{"footnotes":""},"class_list":["post-806","page","type-page","status-publish","has-post-thumbnail","hentry"],"yoast_head":"<!-- This site is optimized with the Yoast SEO plugin v27.3 - https:\/\/yoast.com\/product\/yoast-seo-wordpress\/ -->\n<title>Novigradsko prolje\u0107e<\/title>\n<meta name=\"description\" content=\"Smotra stvarala\u0161tva darovitih u\u010denika osnovne \u0161kole koji se u sklopu izvannastavnih aktivnosti bave stvarala\u0161tvom u jezi\u010dno-umjetni\u010dkom podru\u010dju i u\u010ditelja koji su se istakli radom u jezi\u010dno-umjetni\u010dkom podru\u010dju.\" \/>\n<meta name=\"robots\" content=\"index, follow, max-snippet:-1, max-image-preview:large, max-video-preview:-1\" \/>\n<link rel=\"canonical\" href=\"https:\/\/www.novigradsko-proljece.com\/web\/\" \/>\n<meta property=\"og:locale\" content=\"hr_HR\" \/>\n<meta property=\"og:type\" content=\"article\" \/>\n<meta property=\"og:title\" content=\"Novigradsko prolje\u0107e\" \/>\n<meta property=\"og:description\" content=\"Smotra stvarala\u0161tva darovitih u\u010denika osnovne \u0161kole koji se u sklopu izvannastavnih aktivnosti bave stvarala\u0161tvom u jezi\u010dno-umjetni\u010dkom podru\u010dju i u\u010ditelja koji su se istakli radom u jezi\u010dno-umjetni\u010dkom podru\u010dju.\" \/>\n<meta property=\"og:url\" content=\"https:\/\/www.novigradsko-proljece.com\/web\/\" \/>\n<meta property=\"og:site_name\" content=\"Novigradsko prolje\u0107e\" \/>\n<meta property=\"article:modified_time\" content=\"2021-12-24T10:21:45+00:00\" \/>\n<meta property=\"og:image\" content=\"https:\/\/www.novigradsko-proljece.com\/web\/wp-content\/uploads\/kids.jpg\" \/>\n\t<meta property=\"og:image:width\" content=\"2000\" \/>\n\t<meta property=\"og:image:height\" content=\"1333\" \/>\n\t<meta property=\"og:image:type\" content=\"image\/jpeg\" \/>\n<meta name=\"twitter:card\" content=\"summary_large_image\" \/>\n<script type=\"application\/ld+json\" class=\"yoast-schema-graph\">{\"@context\":\"https:\\\/\\\/schema.org\",\"@graph\":[{\"@type\":\"WebPage\",\"@id\":\"https:\\\/\\\/www.novigradsko-proljece.com\\\/web\\\/\",\"url\":\"https:\\\/\\\/www.novigradsko-proljece.com\\\/web\\\/\",\"name\":\"Novigradsko prolje\u0107e\",\"isPartOf\":{\"@id\":\"https:\\\/\\\/www.novigradsko-proljece.com\\\/web\\\/#website\"},\"primaryImageOfPage\":{\"@id\":\"https:\\\/\\\/www.novigradsko-proljece.com\\\/web\\\/#primaryimage\"},\"image\":{\"@id\":\"https:\\\/\\\/www.novigradsko-proljece.com\\\/web\\\/#primaryimage\"},\"thumbnailUrl\":\"https:\\\/\\\/www.novigradsko-proljece.com\\\/web\\\/wp-content\\\/uploads\\\/kids.jpg\",\"datePublished\":\"2017-11-30T05:33:13+00:00\",\"dateModified\":\"2021-12-24T10:21:45+00:00\",\"description\":\"Smotra stvarala\u0161tva darovitih u\u010denika osnovne \u0161kole koji se u sklopu izvannastavnih aktivnosti bave stvarala\u0161tvom u jezi\u010dno-umjetni\u010dkom podru\u010dju i u\u010ditelja koji su se istakli radom u jezi\u010dno-umjetni\u010dkom podru\u010dju.\",\"breadcrumb\":{\"@id\":\"https:\\\/\\\/www.novigradsko-proljece.com\\\/web\\\/#breadcrumb\"},\"inLanguage\":\"hr\",\"potentialAction\":[{\"@type\":\"ReadAction\",\"target\":[\"https:\\\/\\\/www.novigradsko-proljece.com\\\/web\\\/\"]}]},{\"@type\":\"ImageObject\",\"inLanguage\":\"hr\",\"@id\":\"https:\\\/\\\/www.novigradsko-proljece.com\\\/web\\\/#primaryimage\",\"url\":\"https:\\\/\\\/www.novigradsko-proljece.com\\\/web\\\/wp-content\\\/uploads\\\/kids.jpg\",\"contentUrl\":\"https:\\\/\\\/www.novigradsko-proljece.com\\\/web\\\/wp-content\\\/uploads\\\/kids.jpg\",\"width\":2000,\"height\":1333,\"caption\":\"Children drawing home with crayons. Multiracial group of kids painting multicolored pictures. Vector illustration for childhood, imagination, creativity concept\"},{\"@type\":\"BreadcrumbList\",\"@id\":\"https:\\\/\\\/www.novigradsko-proljece.com\\\/web\\\/#breadcrumb\",\"itemListElement\":[{\"@type\":\"ListItem\",\"position\":1,\"name\":\"Naslovnica\",\"item\":\"https:\\\/\\\/www.novigradsko-proljece.com\\\/web\\\/\"},{\"@type\":\"ListItem\",\"position\":2,\"name\":\"Naslovnica\"}]},{\"@type\":\"WebSite\",\"@id\":\"https:\\\/\\\/www.novigradsko-proljece.com\\\/web\\\/#website\",\"url\":\"https:\\\/\\\/www.novigradsko-proljece.com\\\/web\\\/\",\"name\":\"Novigradsko prolje\u0107e\",\"description\":\"\",\"potentialAction\":[{\"@type\":\"SearchAction\",\"target\":{\"@type\":\"EntryPoint\",\"urlTemplate\":\"https:\\\/\\\/www.novigradsko-proljece.com\\\/web\\\/?s={search_term_string}\"},\"query-input\":{\"@type\":\"PropertyValueSpecification\",\"valueRequired\":true,\"valueName\":\"search_term_string\"}}],\"inLanguage\":\"hr\"}]}<\/script>\n<!-- \/ Yoast SEO plugin. -->","yoast_head_json":{"title":"Novigradsko prolje\u0107e","description":"Smotra stvarala\u0161tva darovitih u\u010denika osnovne \u0161kole koji se u sklopu izvannastavnih aktivnosti bave stvarala\u0161tvom u jezi\u010dno-umjetni\u010dkom podru\u010dju i u\u010ditelja koji su se istakli radom u jezi\u010dno-umjetni\u010dkom podru\u010dju.","robots":{"index":"index","follow":"follow","max-snippet":"max-snippet:-1","max-image-preview":"max-image-preview:large","max-video-preview":"max-video-preview:-1"},"canonical":"https:\/\/www.novigradsko-proljece.com\/web\/","og_locale":"hr_HR","og_type":"article","og_title":"Novigradsko prolje\u0107e","og_description":"Smotra stvarala\u0161tva darovitih u\u010denika osnovne \u0161kole koji se u sklopu izvannastavnih aktivnosti bave stvarala\u0161tvom u jezi\u010dno-umjetni\u010dkom podru\u010dju i u\u010ditelja koji su se istakli radom u jezi\u010dno-umjetni\u010dkom podru\u010dju.","og_url":"https:\/\/www.novigradsko-proljece.com\/web\/","og_site_name":"Novigradsko prolje\u0107e","article_modified_time":"2021-12-24T10:21:45+00:00","og_image":[{"width":2000,"height":1333,"url":"https:\/\/www.novigradsko-proljece.com\/web\/wp-content\/uploads\/kids.jpg","type":"image\/jpeg"}],"twitter_card":"summary_large_image","schema":{"@context":"https:\/\/schema.org","@graph":[{"@type":"WebPage","@id":"https:\/\/www.novigradsko-proljece.com\/web\/","url":"https:\/\/www.novigradsko-proljece.com\/web\/","name":"Novigradsko prolje\u0107e","isPartOf":{"@id":"https:\/\/www.novigradsko-proljece.com\/web\/#website"},"primaryImageOfPage":{"@id":"https:\/\/www.novigradsko-proljece.com\/web\/#primaryimage"},"image":{"@id":"https:\/\/www.novigradsko-proljece.com\/web\/#primaryimage"},"thumbnailUrl":"https:\/\/www.novigradsko-proljece.com\/web\/wp-content\/uploads\/kids.jpg","datePublished":"2017-11-30T05:33:13+00:00","dateModified":"2021-12-24T10:21:45+00:00","description":"Smotra stvarala\u0161tva darovitih u\u010denika osnovne \u0161kole koji se u sklopu izvannastavnih aktivnosti bave stvarala\u0161tvom u jezi\u010dno-umjetni\u010dkom podru\u010dju i u\u010ditelja koji su se istakli radom u jezi\u010dno-umjetni\u010dkom podru\u010dju.","breadcrumb":{"@id":"https:\/\/www.novigradsko-proljece.com\/web\/#breadcrumb"},"inLanguage":"hr","potentialAction":[{"@type":"ReadAction","target":["https:\/\/www.novigradsko-proljece.com\/web\/"]}]},{"@type":"ImageObject","inLanguage":"hr","@id":"https:\/\/www.novigradsko-proljece.com\/web\/#primaryimage","url":"https:\/\/www.novigradsko-proljece.com\/web\/wp-content\/uploads\/kids.jpg","contentUrl":"https:\/\/www.novigradsko-proljece.com\/web\/wp-content\/uploads\/kids.jpg","width":2000,"height":1333,"caption":"Children drawing home with crayons. Multiracial group of kids painting multicolored pictures. Vector illustration for childhood, imagination, creativity concept"},{"@type":"BreadcrumbList","@id":"https:\/\/www.novigradsko-proljece.com\/web\/#breadcrumb","itemListElement":[{"@type":"ListItem","position":1,"name":"Naslovnica","item":"https:\/\/www.novigradsko-proljece.com\/web\/"},{"@type":"ListItem","position":2,"name":"Naslovnica"}]},{"@type":"WebSite","@id":"https:\/\/www.novigradsko-proljece.com\/web\/#website","url":"https:\/\/www.novigradsko-proljece.com\/web\/","name":"Novigradsko prolje\u0107e","description":"","potentialAction":[{"@type":"SearchAction","target":{"@type":"EntryPoint","urlTemplate":"https:\/\/www.novigradsko-proljece.com\/web\/?s={search_term_string}"},"query-input":{"@type":"PropertyValueSpecification","valueRequired":true,"valueName":"search_term_string"}}],"inLanguage":"hr"}]}},"_links":{"self":[{"href":"https:\/\/www.novigradsko-proljece.com\/web\/wp-json\/wp\/v2\/pages\/806","targetHints":{"allow":["GET"]}}],"collection":[{"href":"https:\/\/www.novigradsko-proljece.com\/web\/wp-json\/wp\/v2\/pages"}],"about":[{"href":"https:\/\/www.novigradsko-proljece.com\/web\/wp-json\/wp\/v2\/types\/page"}],"author":[{"embeddable":true,"href":"https:\/\/www.novigradsko-proljece.com\/web\/wp-json\/wp\/v2\/users\/1"}],"replies":[{"embeddable":true,"href":"https:\/\/www.novigradsko-proljece.com\/web\/wp-json\/wp\/v2\/comments?post=806"}],"version-history":[{"count":1,"href":"https:\/\/www.novigradsko-proljece.com\/web\/wp-json\/wp\/v2\/pages\/806\/revisions"}],"predecessor-version":[{"id":808,"href":"https:\/\/www.novigradsko-proljece.com\/web\/wp-json\/wp\/v2\/pages\/806\/revisions\/808"}],"wp:featuredmedia":[{"embeddable":true,"href":"https:\/\/www.novigradsko-proljece.com\/web\/wp-json\/wp\/v2\/media\/1315"}],"wp:attachment":[{"href":"https:\/\/www.novigradsko-proljece.com\/web\/wp-json\/wp\/v2\/media?parent=806"}],"curies":[{"name":"wp","href":"https:\/\/api.w.org\/{rel}","templated":true}]}}