{"id":114,"date":"2013-06-12T14:39:15","date_gmt":"2013-06-12T12:39:15","guid":{"rendered":"http:\/\/www.novigradsko-proljece.com\/web\/?page_id=114"},"modified":"2013-06-20T11:08:48","modified_gmt":"2013-06-20T09:08:48","slug":"himna","status":"publish","type":"page","link":"https:\/\/www.novigradsko-proljece.com\/web\/o-skoli-stvaralastva\/himna\/","title":{"rendered":"Himna"},"content":{"rendered":"<p>&nbsp;<\/p>\n<p><a href=\"http:\/\/www.novigradsko-proljece.com\/web\/wp-content\/uploads\/Himna.jpg\"><img fetchpriority=\"high\" decoding=\"async\" class=\"alignnone size-full wp-image-115\" alt=\"Himna\" src=\"http:\/\/www.novigradsko-proljece.com\/web\/wp-content\/uploads\/Himna.jpg\" width=\"570\" height=\"708\" srcset=\"https:\/\/www.novigradsko-proljece.com\/web\/wp-content\/uploads\/Himna.jpg 570w, https:\/\/www.novigradsko-proljece.com\/web\/wp-content\/uploads\/Himna-161x200.jpg 161w, https:\/\/www.novigradsko-proljece.com\/web\/wp-content\/uploads\/Himna-322x400.jpg 322w\" sizes=\"(max-width: 570px) 100vw, 570px\" \/><\/a><\/p>\n<p>&nbsp;<\/p>\n<p>Rije\u010di:<br \/>\nJo\u017ea Prudeus<\/p>\n<p>Glazba:<br \/>\nDoris Babi\u0107, VIII. r.<\/p>\n<p>Voditelj:<br \/>\nMirjana \u017du\u017ei\u0107, 1990.<\/p>\n<p>Novigradsko prolje\u0107e<br \/>\nRadionica glazbenoga skladanja<br \/>\nHimna \u0160kole stvarala\u0161tva<\/p>\n<p>Prolje\u0107e u Novigradu<br \/>\nu o\u010dima djece cvijeta,<br \/>\nnovigradski cvijet do cvijeta<br \/>\nnek rascvjeta diljem svijeta.<\/p>\n<p>Prolje\u0107e u Novigradu<br \/>\nU srcima djece lupa,<br \/>\nNovigradski poziv svima<br \/>\nBiti uvijek svuda skupa.<\/p>\n<p>Primavera, primavera,<br \/>\nCittanova, Cittanova,<br \/>\npesen, radost, smeh in sre\u0107a,<br \/>\nNovigrad je luka snova.<\/p>\n<p>Pjesma, radost, smijeh i sre\u0107a,<br \/>\nNovigrad je luka snova<br \/>\nprimavera, primavera,<br \/>\nCittanova, Cittanova<\/p>\n","protected":false},"excerpt":{"rendered":"<p>&nbsp; &nbsp; Rije\u010di: Jo\u017ea Prudeus Glazba: Doris Babi\u0107, VIII. r. Voditelj: Mirjana \u017du\u017ei\u0107, 1990. Novigradsko prolje\u0107e Radionica glazbenoga skladanja Himna \u0160kole stvarala\u0161tva Prolje\u0107e u Novigradu u o\u010dima djece cvijeta, novigradski cvijet do cvijeta nek rascvjeta diljem svijeta. Prolje\u0107e u Novigradu U srcima djece lupa, Novigradski poziv svima Biti uvijek svuda skupa. Primavera, primavera, Cittanova, Cittanova, [&hellip;]<\/p>\n","protected":false},"author":1,"featured_media":0,"parent":350,"menu_order":0,"comment_status":"closed","ping_status":"closed","template":"","meta":{"footnotes":""},"class_list":["post-114","page","type-page","status-publish","hentry"],"yoast_head":"<!-- This site is optimized with the Yoast SEO plugin v27.5 - https:\/\/yoast.com\/product\/yoast-seo-wordpress\/ -->\n<title>Himna | Novigradsko prolje\u0107e<\/title>\n<meta name=\"robots\" content=\"index, follow, max-snippet:-1, max-image-preview:large, max-video-preview:-1\" \/>\n<link rel=\"canonical\" href=\"https:\/\/www.novigradsko-proljece.com\/web\/o-skoli-stvaralastva\/himna\/\" \/>\n<meta property=\"og:locale\" content=\"hr_HR\" \/>\n<meta property=\"og:type\" content=\"article\" \/>\n<meta property=\"og:title\" content=\"Himna | Novigradsko prolje\u0107e\" \/>\n<meta property=\"og:description\" content=\"&nbsp; &nbsp; Rije\u010di: Jo\u017ea Prudeus Glazba: Doris Babi\u0107, VIII. r. Voditelj: Mirjana \u017du\u017ei\u0107, 1990. Novigradsko prolje\u0107e Radionica glazbenoga skladanja Himna \u0160kole stvarala\u0161tva Prolje\u0107e u Novigradu u o\u010dima djece cvijeta, novigradski cvijet do cvijeta nek rascvjeta diljem svijeta. Prolje\u0107e u Novigradu U srcima djece lupa, Novigradski poziv svima Biti uvijek svuda skupa. Primavera, primavera, Cittanova, Cittanova, [&hellip;]\" \/>\n<meta property=\"og:url\" content=\"https:\/\/www.novigradsko-proljece.com\/web\/o-skoli-stvaralastva\/himna\/\" \/>\n<meta property=\"og:site_name\" content=\"Novigradsko prolje\u0107e\" \/>\n<meta property=\"article:modified_time\" content=\"2013-06-20T09:08:48+00:00\" \/>\n<meta property=\"og:image\" content=\"http:\/\/www.novigradsko-proljece.com\/web\/wp-content\/uploads\/Himna.jpg\" \/>\n<meta name=\"twitter:card\" content=\"summary_large_image\" \/>\n<script type=\"application\/ld+json\" class=\"yoast-schema-graph\">{\"@context\":\"https:\\\/\\\/schema.org\",\"@graph\":[{\"@type\":\"WebPage\",\"@id\":\"https:\\\/\\\/www.novigradsko-proljece.com\\\/web\\\/o-skoli-stvaralastva\\\/himna\\\/\",\"url\":\"https:\\\/\\\/www.novigradsko-proljece.com\\\/web\\\/o-skoli-stvaralastva\\\/himna\\\/\",\"name\":\"Himna | Novigradsko prolje\u0107e\",\"isPartOf\":{\"@id\":\"https:\\\/\\\/www.novigradsko-proljece.com\\\/web\\\/#website\"},\"primaryImageOfPage\":{\"@id\":\"https:\\\/\\\/www.novigradsko-proljece.com\\\/web\\\/o-skoli-stvaralastva\\\/himna\\\/#primaryimage\"},\"image\":{\"@id\":\"https:\\\/\\\/www.novigradsko-proljece.com\\\/web\\\/o-skoli-stvaralastva\\\/himna\\\/#primaryimage\"},\"thumbnailUrl\":\"http:\\\/\\\/www.novigradsko-proljece.com\\\/web\\\/wp-content\\\/uploads\\\/Himna.jpg\",\"datePublished\":\"2013-06-12T12:39:15+00:00\",\"dateModified\":\"2013-06-20T09:08:48+00:00\",\"breadcrumb\":{\"@id\":\"https:\\\/\\\/www.novigradsko-proljece.com\\\/web\\\/o-skoli-stvaralastva\\\/himna\\\/#breadcrumb\"},\"inLanguage\":\"hr\",\"potentialAction\":[{\"@type\":\"ReadAction\",\"target\":[\"https:\\\/\\\/www.novigradsko-proljece.com\\\/web\\\/o-skoli-stvaralastva\\\/himna\\\/\"]}]},{\"@type\":\"ImageObject\",\"inLanguage\":\"hr\",\"@id\":\"https:\\\/\\\/www.novigradsko-proljece.com\\\/web\\\/o-skoli-stvaralastva\\\/himna\\\/#primaryimage\",\"url\":\"https:\\\/\\\/www.novigradsko-proljece.com\\\/web\\\/wp-content\\\/uploads\\\/Himna.jpg\",\"contentUrl\":\"https:\\\/\\\/www.novigradsko-proljece.com\\\/web\\\/wp-content\\\/uploads\\\/Himna.jpg\",\"width\":570,\"height\":708},{\"@type\":\"BreadcrumbList\",\"@id\":\"https:\\\/\\\/www.novigradsko-proljece.com\\\/web\\\/o-skoli-stvaralastva\\\/himna\\\/#breadcrumb\",\"itemListElement\":[{\"@type\":\"ListItem\",\"position\":1,\"name\":\"Naslovnica\",\"item\":\"https:\\\/\\\/www.novigradsko-proljece.com\\\/web\\\/\"},{\"@type\":\"ListItem\",\"position\":2,\"name\":\"O \u0160koli stvarala\u0161tva\",\"item\":\"https:\\\/\\\/www.novigradsko-proljece.com\\\/web\\\/o-skoli-stvaralastva\\\/\"},{\"@type\":\"ListItem\",\"position\":3,\"name\":\"Himna\"}]},{\"@type\":\"WebSite\",\"@id\":\"https:\\\/\\\/www.novigradsko-proljece.com\\\/web\\\/#website\",\"url\":\"https:\\\/\\\/www.novigradsko-proljece.com\\\/web\\\/\",\"name\":\"Novigradsko prolje\u0107e\",\"description\":\"\",\"potentialAction\":[{\"@type\":\"SearchAction\",\"target\":{\"@type\":\"EntryPoint\",\"urlTemplate\":\"https:\\\/\\\/www.novigradsko-proljece.com\\\/web\\\/?s={search_term_string}\"},\"query-input\":{\"@type\":\"PropertyValueSpecification\",\"valueRequired\":true,\"valueName\":\"search_term_string\"}}],\"inLanguage\":\"hr\"}]}<\/script>\n<!-- \/ Yoast SEO plugin. -->","yoast_head_json":{"title":"Himna | Novigradsko prolje\u0107e","robots":{"index":"index","follow":"follow","max-snippet":"max-snippet:-1","max-image-preview":"max-image-preview:large","max-video-preview":"max-video-preview:-1"},"canonical":"https:\/\/www.novigradsko-proljece.com\/web\/o-skoli-stvaralastva\/himna\/","og_locale":"hr_HR","og_type":"article","og_title":"Himna | Novigradsko prolje\u0107e","og_description":"&nbsp; &nbsp; Rije\u010di: Jo\u017ea Prudeus Glazba: Doris Babi\u0107, VIII. r. Voditelj: Mirjana \u017du\u017ei\u0107, 1990. Novigradsko prolje\u0107e Radionica glazbenoga skladanja Himna \u0160kole stvarala\u0161tva Prolje\u0107e u Novigradu u o\u010dima djece cvijeta, novigradski cvijet do cvijeta nek rascvjeta diljem svijeta. Prolje\u0107e u Novigradu U srcima djece lupa, Novigradski poziv svima Biti uvijek svuda skupa. Primavera, primavera, Cittanova, Cittanova, [&hellip;]","og_url":"https:\/\/www.novigradsko-proljece.com\/web\/o-skoli-stvaralastva\/himna\/","og_site_name":"Novigradsko prolje\u0107e","article_modified_time":"2013-06-20T09:08:48+00:00","og_image":[{"url":"http:\/\/www.novigradsko-proljece.com\/web\/wp-content\/uploads\/Himna.jpg","type":"","width":"","height":""}],"twitter_card":"summary_large_image","schema":{"@context":"https:\/\/schema.org","@graph":[{"@type":"WebPage","@id":"https:\/\/www.novigradsko-proljece.com\/web\/o-skoli-stvaralastva\/himna\/","url":"https:\/\/www.novigradsko-proljece.com\/web\/o-skoli-stvaralastva\/himna\/","name":"Himna | Novigradsko prolje\u0107e","isPartOf":{"@id":"https:\/\/www.novigradsko-proljece.com\/web\/#website"},"primaryImageOfPage":{"@id":"https:\/\/www.novigradsko-proljece.com\/web\/o-skoli-stvaralastva\/himna\/#primaryimage"},"image":{"@id":"https:\/\/www.novigradsko-proljece.com\/web\/o-skoli-stvaralastva\/himna\/#primaryimage"},"thumbnailUrl":"http:\/\/www.novigradsko-proljece.com\/web\/wp-content\/uploads\/Himna.jpg","datePublished":"2013-06-12T12:39:15+00:00","dateModified":"2013-06-20T09:08:48+00:00","breadcrumb":{"@id":"https:\/\/www.novigradsko-proljece.com\/web\/o-skoli-stvaralastva\/himna\/#breadcrumb"},"inLanguage":"hr","potentialAction":[{"@type":"ReadAction","target":["https:\/\/www.novigradsko-proljece.com\/web\/o-skoli-stvaralastva\/himna\/"]}]},{"@type":"ImageObject","inLanguage":"hr","@id":"https:\/\/www.novigradsko-proljece.com\/web\/o-skoli-stvaralastva\/himna\/#primaryimage","url":"https:\/\/www.novigradsko-proljece.com\/web\/wp-content\/uploads\/Himna.jpg","contentUrl":"https:\/\/www.novigradsko-proljece.com\/web\/wp-content\/uploads\/Himna.jpg","width":570,"height":708},{"@type":"BreadcrumbList","@id":"https:\/\/www.novigradsko-proljece.com\/web\/o-skoli-stvaralastva\/himna\/#breadcrumb","itemListElement":[{"@type":"ListItem","position":1,"name":"Naslovnica","item":"https:\/\/www.novigradsko-proljece.com\/web\/"},{"@type":"ListItem","position":2,"name":"O \u0160koli stvarala\u0161tva","item":"https:\/\/www.novigradsko-proljece.com\/web\/o-skoli-stvaralastva\/"},{"@type":"ListItem","position":3,"name":"Himna"}]},{"@type":"WebSite","@id":"https:\/\/www.novigradsko-proljece.com\/web\/#website","url":"https:\/\/www.novigradsko-proljece.com\/web\/","name":"Novigradsko prolje\u0107e","description":"","potentialAction":[{"@type":"SearchAction","target":{"@type":"EntryPoint","urlTemplate":"https:\/\/www.novigradsko-proljece.com\/web\/?s={search_term_string}"},"query-input":{"@type":"PropertyValueSpecification","valueRequired":true,"valueName":"search_term_string"}}],"inLanguage":"hr"}]}},"_links":{"self":[{"href":"https:\/\/www.novigradsko-proljece.com\/web\/wp-json\/wp\/v2\/pages\/114","targetHints":{"allow":["GET"]}}],"collection":[{"href":"https:\/\/www.novigradsko-proljece.com\/web\/wp-json\/wp\/v2\/pages"}],"about":[{"href":"https:\/\/www.novigradsko-proljece.com\/web\/wp-json\/wp\/v2\/types\/page"}],"author":[{"embeddable":true,"href":"https:\/\/www.novigradsko-proljece.com\/web\/wp-json\/wp\/v2\/users\/1"}],"replies":[{"embeddable":true,"href":"https:\/\/www.novigradsko-proljece.com\/web\/wp-json\/wp\/v2\/comments?post=114"}],"version-history":[{"count":4,"href":"https:\/\/www.novigradsko-proljece.com\/web\/wp-json\/wp\/v2\/pages\/114\/revisions"}],"predecessor-version":[{"id":352,"href":"https:\/\/www.novigradsko-proljece.com\/web\/wp-json\/wp\/v2\/pages\/114\/revisions\/352"}],"up":[{"embeddable":true,"href":"https:\/\/www.novigradsko-proljece.com\/web\/wp-json\/wp\/v2\/pages\/350"}],"wp:attachment":[{"href":"https:\/\/www.novigradsko-proljece.com\/web\/wp-json\/wp\/v2\/media?parent=114"}],"curies":[{"name":"wp","href":"https:\/\/api.w.org\/{rel}","templated":true}]}}