{"id":837,"date":"2015-04-19T14:38:42","date_gmt":"2015-04-19T13:38:42","guid":{"rendered":"http:\/\/www.novigradsko-proljece.com\/web\/prijavnice\/?page_id=837"},"modified":"2024-03-15T13:13:34","modified_gmt":"2024-03-15T12:13:34","slug":"inicijalni-upitnik-ucenici","status":"publish","type":"page","link":"https:\/\/www.novigradsko-proljece.com\/web\/prijavnice\/inicijalni-upitnik-ucenici\/","title":{"rendered":"Inicijalni upitnik &#8211; u\u010denici"},"content":{"rendered":"","protected":false},"excerpt":{"rendered":"","protected":false},"author":1,"featured_media":0,"parent":0,"menu_order":0,"comment_status":"closed","ping_status":"closed","template":"","meta":{"footnotes":""},"class_list":["post-837","page","type-page","status-publish","hentry"],"acf":[],"yoast_head":"<!-- This site is optimized with the Yoast SEO plugin v27.5 - https:\/\/yoast.com\/product\/yoast-seo-wordpress\/ -->\n<title>Inicijalni upitnik - u\u010denici | Prijave za Novigradsko prolje\u0107e<\/title>\n<meta name=\"robots\" content=\"noindex, follow, max-snippet:-1, max-image-preview:large, max-video-preview:-1\" \/>\n<meta property=\"og:locale\" content=\"hr_HR\" \/>\n<meta property=\"og:type\" content=\"article\" \/>\n<meta property=\"og:title\" content=\"Inicijalni upitnik - u\u010denici | Prijave za Novigradsko prolje\u0107e\" \/>\n<meta property=\"og:url\" content=\"https:\/\/www.novigradsko-proljece.com\/web\/prijavnice\/inicijalni-upitnik-ucenici\/\" \/>\n<meta property=\"og:site_name\" content=\"Prijave za Novigradsko prolje\u0107e\" \/>\n<meta property=\"article:modified_time\" content=\"2024-03-15T12:13:34+00:00\" \/>\n<meta name=\"twitter:card\" content=\"summary_large_image\" \/>\n<script type=\"application\/ld+json\" class=\"yoast-schema-graph\">{\"@context\":\"https:\\\/\\\/schema.org\",\"@graph\":[{\"@type\":\"WebPage\",\"@id\":\"https:\\\/\\\/www.novigradsko-proljece.com\\\/web\\\/prijavnice\\\/inicijalni-upitnik-ucenici\\\/\",\"url\":\"https:\\\/\\\/www.novigradsko-proljece.com\\\/web\\\/prijavnice\\\/inicijalni-upitnik-ucenici\\\/\",\"name\":\"Inicijalni upitnik - u\u010denici | Prijave za Novigradsko prolje\u0107e\",\"isPartOf\":{\"@id\":\"https:\\\/\\\/www.novigradsko-proljece.com\\\/web\\\/prijavnice\\\/#website\"},\"datePublished\":\"2015-04-19T13:38:42+00:00\",\"dateModified\":\"2024-03-15T12:13:34+00:00\",\"breadcrumb\":{\"@id\":\"https:\\\/\\\/www.novigradsko-proljece.com\\\/web\\\/prijavnice\\\/inicijalni-upitnik-ucenici\\\/#breadcrumb\"},\"inLanguage\":\"hr\",\"potentialAction\":[{\"@type\":\"ReadAction\",\"target\":[\"https:\\\/\\\/www.novigradsko-proljece.com\\\/web\\\/prijavnice\\\/inicijalni-upitnik-ucenici\\\/\"]}]},{\"@type\":\"BreadcrumbList\",\"@id\":\"https:\\\/\\\/www.novigradsko-proljece.com\\\/web\\\/prijavnice\\\/inicijalni-upitnik-ucenici\\\/#breadcrumb\",\"itemListElement\":[{\"@type\":\"ListItem\",\"position\":1,\"name\":\"Home\",\"item\":\"https:\\\/\\\/www.novigradsko-proljece.com\\\/web\\\/prijavnice\\\/\"},{\"@type\":\"ListItem\",\"position\":2,\"name\":\"Inicijalni upitnik &#8211; u\u010denici\"}]},{\"@type\":\"WebSite\",\"@id\":\"https:\\\/\\\/www.novigradsko-proljece.com\\\/web\\\/prijavnice\\\/#website\",\"url\":\"https:\\\/\\\/www.novigradsko-proljece.com\\\/web\\\/prijavnice\\\/\",\"name\":\"Prijave za Novigradsko prolje\u0107e\",\"description\":\"\u0160kola stvarala\u0161tva\",\"publisher\":{\"@id\":\"https:\\\/\\\/www.novigradsko-proljece.com\\\/web\\\/prijavnice\\\/#organization\"},\"potentialAction\":[{\"@type\":\"SearchAction\",\"target\":{\"@type\":\"EntryPoint\",\"urlTemplate\":\"https:\\\/\\\/www.novigradsko-proljece.com\\\/web\\\/prijavnice\\\/?s={search_term_string}\"},\"query-input\":{\"@type\":\"PropertyValueSpecification\",\"valueRequired\":true,\"valueName\":\"search_term_string\"}}],\"inLanguage\":\"hr\"},{\"@type\":\"Organization\",\"@id\":\"https:\\\/\\\/www.novigradsko-proljece.com\\\/web\\\/prijavnice\\\/#organization\",\"name\":\"Novigradsko prolje\u0107e\",\"url\":\"https:\\\/\\\/www.novigradsko-proljece.com\\\/web\\\/prijavnice\\\/\",\"logo\":{\"@type\":\"ImageObject\",\"inLanguage\":\"hr\",\"@id\":\"https:\\\/\\\/www.novigradsko-proljece.com\\\/web\\\/prijavnice\\\/#\\\/schema\\\/logo\\\/image\\\/\",\"url\":\"http:\\\/\\\/www.novigradsko-proljece.com\\\/web\\\/prijavnice\\\/wp-content\\\/uploads\\\/sites\\\/4\\\/2021\\\/12\\\/kids.jpg\",\"contentUrl\":\"http:\\\/\\\/www.novigradsko-proljece.com\\\/web\\\/prijavnice\\\/wp-content\\\/uploads\\\/sites\\\/4\\\/2021\\\/12\\\/kids.jpg\",\"width\":2000,\"height\":1333,\"caption\":\"Novigradsko prolje\u0107e\"},\"image\":{\"@id\":\"https:\\\/\\\/www.novigradsko-proljece.com\\\/web\\\/prijavnice\\\/#\\\/schema\\\/logo\\\/image\\\/\"}}]}<\/script>\n<!-- \/ Yoast SEO plugin. -->","yoast_head_json":{"title":"Inicijalni upitnik - u\u010denici | Prijave za Novigradsko prolje\u0107e","robots":{"index":"noindex","follow":"follow","max-snippet":"max-snippet:-1","max-image-preview":"max-image-preview:large","max-video-preview":"max-video-preview:-1"},"og_locale":"hr_HR","og_type":"article","og_title":"Inicijalni upitnik - u\u010denici | Prijave za Novigradsko prolje\u0107e","og_url":"https:\/\/www.novigradsko-proljece.com\/web\/prijavnice\/inicijalni-upitnik-ucenici\/","og_site_name":"Prijave za Novigradsko prolje\u0107e","article_modified_time":"2024-03-15T12:13:34+00:00","twitter_card":"summary_large_image","schema":{"@context":"https:\/\/schema.org","@graph":[{"@type":"WebPage","@id":"https:\/\/www.novigradsko-proljece.com\/web\/prijavnice\/inicijalni-upitnik-ucenici\/","url":"https:\/\/www.novigradsko-proljece.com\/web\/prijavnice\/inicijalni-upitnik-ucenici\/","name":"Inicijalni upitnik - u\u010denici | Prijave za Novigradsko prolje\u0107e","isPartOf":{"@id":"https:\/\/www.novigradsko-proljece.com\/web\/prijavnice\/#website"},"datePublished":"2015-04-19T13:38:42+00:00","dateModified":"2024-03-15T12:13:34+00:00","breadcrumb":{"@id":"https:\/\/www.novigradsko-proljece.com\/web\/prijavnice\/inicijalni-upitnik-ucenici\/#breadcrumb"},"inLanguage":"hr","potentialAction":[{"@type":"ReadAction","target":["https:\/\/www.novigradsko-proljece.com\/web\/prijavnice\/inicijalni-upitnik-ucenici\/"]}]},{"@type":"BreadcrumbList","@id":"https:\/\/www.novigradsko-proljece.com\/web\/prijavnice\/inicijalni-upitnik-ucenici\/#breadcrumb","itemListElement":[{"@type":"ListItem","position":1,"name":"Home","item":"https:\/\/www.novigradsko-proljece.com\/web\/prijavnice\/"},{"@type":"ListItem","position":2,"name":"Inicijalni upitnik &#8211; u\u010denici"}]},{"@type":"WebSite","@id":"https:\/\/www.novigradsko-proljece.com\/web\/prijavnice\/#website","url":"https:\/\/www.novigradsko-proljece.com\/web\/prijavnice\/","name":"Prijave za Novigradsko prolje\u0107e","description":"\u0160kola stvarala\u0161tva","publisher":{"@id":"https:\/\/www.novigradsko-proljece.com\/web\/prijavnice\/#organization"},"potentialAction":[{"@type":"SearchAction","target":{"@type":"EntryPoint","urlTemplate":"https:\/\/www.novigradsko-proljece.com\/web\/prijavnice\/?s={search_term_string}"},"query-input":{"@type":"PropertyValueSpecification","valueRequired":true,"valueName":"search_term_string"}}],"inLanguage":"hr"},{"@type":"Organization","@id":"https:\/\/www.novigradsko-proljece.com\/web\/prijavnice\/#organization","name":"Novigradsko prolje\u0107e","url":"https:\/\/www.novigradsko-proljece.com\/web\/prijavnice\/","logo":{"@type":"ImageObject","inLanguage":"hr","@id":"https:\/\/www.novigradsko-proljece.com\/web\/prijavnice\/#\/schema\/logo\/image\/","url":"http:\/\/www.novigradsko-proljece.com\/web\/prijavnice\/wp-content\/uploads\/sites\/4\/2021\/12\/kids.jpg","contentUrl":"http:\/\/www.novigradsko-proljece.com\/web\/prijavnice\/wp-content\/uploads\/sites\/4\/2021\/12\/kids.jpg","width":2000,"height":1333,"caption":"Novigradsko prolje\u0107e"},"image":{"@id":"https:\/\/www.novigradsko-proljece.com\/web\/prijavnice\/#\/schema\/logo\/image\/"}}]}},"_links":{"self":[{"href":"https:\/\/www.novigradsko-proljece.com\/web\/prijavnice\/wp-json\/wp\/v2\/pages\/837","targetHints":{"allow":["GET"]}}],"collection":[{"href":"https:\/\/www.novigradsko-proljece.com\/web\/prijavnice\/wp-json\/wp\/v2\/pages"}],"about":[{"href":"https:\/\/www.novigradsko-proljece.com\/web\/prijavnice\/wp-json\/wp\/v2\/types\/page"}],"author":[{"embeddable":true,"href":"https:\/\/www.novigradsko-proljece.com\/web\/prijavnice\/wp-json\/wp\/v2\/users\/1"}],"replies":[{"embeddable":true,"href":"https:\/\/www.novigradsko-proljece.com\/web\/prijavnice\/wp-json\/wp\/v2\/comments?post=837"}],"version-history":[{"count":12,"href":"https:\/\/www.novigradsko-proljece.com\/web\/prijavnice\/wp-json\/wp\/v2\/pages\/837\/revisions"}],"predecessor-version":[{"id":24060,"href":"https:\/\/www.novigradsko-proljece.com\/web\/prijavnice\/wp-json\/wp\/v2\/pages\/837\/revisions\/24060"}],"wp:attachment":[{"href":"https:\/\/www.novigradsko-proljece.com\/web\/prijavnice\/wp-json\/wp\/v2\/media?parent=837"}],"curies":[{"name":"wp","href":"https:\/\/api.w.org\/{rel}","templated":true}]}}