{"id":817,"date":"2015-03-13T20:00:17","date_gmt":"2015-03-13T19:00:17","guid":{"rendered":"http:\/\/www.novigradsko-proljece.com\/web\/prijavnice\/?page_id=817"},"modified":"2024-03-04T16:59:27","modified_gmt":"2024-03-04T15:59:27","slug":"pozvani-hospitanti","status":"publish","type":"page","link":"https:\/\/www.novigradsko-proljece.com\/web\/prijavnice\/pozvani-hospitanti\/","title":{"rendered":"Pozvani hospitanti"},"content":{"rendered":"<div dir=\"ltr\">\n<div>Kako biste sudjelovali\u00a0 u ovogodi\u0161njoj \u0160koli stvarala\u0161tva, molimo <strong>potvrdite<\/strong> sudjelovanje.<\/div>\n<\/div>\n<p>Potvrdu mogu obaviti <strong>isklju\u010divo<\/strong> osobe koje su ispunile prijavnicu.<\/p>\n<p>Da biste mogli pristupiti formularima za potvrdu dolaska \u2013 <strong>morate<\/strong> biti ulogirani.<\/p>\n<p>Nakon \u0161to ste se ulogirali, u popisu pozvanih kandidata kliknite na OIB prijavnice koju \u017eelite potvrditi<br \/>\ni zatim u novom prozoru potvrdite dolazak i ispunite <strong>inicijalni upitnik<\/strong>.<\/p>\n<p>Potvrdu \u0107ete potom dobiti emailom.<\/p>\n","protected":false},"excerpt":{"rendered":"<p>Kako biste sudjelovali\u00a0 u ovogodi\u0161njoj \u0160koli stvarala\u0161tva, molimo potvrdite sudjelovanje. Potvrdu mogu obaviti isklju\u010divo osobe koje su ispunile prijavnicu. Da biste mogli pristupiti formularima za potvrdu dolaska \u2013 morate biti ulogirani. Nakon \u0161to ste se ulogirali, u popisu pozvanih kandidata kliknite na OIB prijavnice koju \u017eelite potvrditi i zatim u novom prozoru potvrdite dolazak i [&hellip;]<\/p>\n","protected":false},"author":1,"featured_media":0,"parent":0,"menu_order":0,"comment_status":"closed","ping_status":"closed","template":"","meta":{"footnotes":""},"class_list":["post-817","page","type-page","status-publish","hentry"],"acf":[],"yoast_head":"<!-- This site is optimized with the Yoast SEO plugin v27.4 - https:\/\/yoast.com\/product\/yoast-seo-wordpress\/ -->\n<title>Pozvani hospitanti | Prijave za Novigradsko prolje\u0107e<\/title>\n<meta name=\"robots\" content=\"noindex, follow, max-snippet:-1, max-image-preview:large, max-video-preview:-1\" \/>\n<meta property=\"og:locale\" content=\"hr_HR\" \/>\n<meta property=\"og:type\" content=\"article\" \/>\n<meta property=\"og:title\" content=\"Pozvani hospitanti | Prijave za Novigradsko prolje\u0107e\" \/>\n<meta property=\"og:description\" content=\"Kako biste sudjelovali\u00a0 u ovogodi\u0161njoj \u0160koli stvarala\u0161tva, molimo potvrdite sudjelovanje. Potvrdu mogu obaviti isklju\u010divo osobe koje su ispunile prijavnicu. Da biste mogli pristupiti formularima za potvrdu dolaska \u2013 morate biti ulogirani. Nakon \u0161to ste se ulogirali, u popisu pozvanih kandidata kliknite na OIB prijavnice koju \u017eelite potvrditi i zatim u novom prozoru potvrdite dolazak i [&hellip;]\" \/>\n<meta property=\"og:url\" content=\"https:\/\/www.novigradsko-proljece.com\/web\/prijavnice\/pozvani-hospitanti\/\" \/>\n<meta property=\"og:site_name\" content=\"Prijave za Novigradsko prolje\u0107e\" \/>\n<meta property=\"article:modified_time\" content=\"2024-03-04T15:59:27+00:00\" \/>\n<meta name=\"twitter:card\" content=\"summary_large_image\" \/>\n<script type=\"application\/ld+json\" class=\"yoast-schema-graph\">{\"@context\":\"https:\\\/\\\/schema.org\",\"@graph\":[{\"@type\":\"WebPage\",\"@id\":\"https:\\\/\\\/www.novigradsko-proljece.com\\\/web\\\/prijavnice\\\/pozvani-hospitanti\\\/\",\"url\":\"https:\\\/\\\/www.novigradsko-proljece.com\\\/web\\\/prijavnice\\\/pozvani-hospitanti\\\/\",\"name\":\"Pozvani hospitanti | Prijave za Novigradsko prolje\u0107e\",\"isPartOf\":{\"@id\":\"https:\\\/\\\/www.novigradsko-proljece.com\\\/web\\\/prijavnice\\\/#website\"},\"datePublished\":\"2015-03-13T19:00:17+00:00\",\"dateModified\":\"2024-03-04T15:59:27+00:00\",\"breadcrumb\":{\"@id\":\"https:\\\/\\\/www.novigradsko-proljece.com\\\/web\\\/prijavnice\\\/pozvani-hospitanti\\\/#breadcrumb\"},\"inLanguage\":\"hr\",\"potentialAction\":[{\"@type\":\"ReadAction\",\"target\":[\"https:\\\/\\\/www.novigradsko-proljece.com\\\/web\\\/prijavnice\\\/pozvani-hospitanti\\\/\"]}]},{\"@type\":\"BreadcrumbList\",\"@id\":\"https:\\\/\\\/www.novigradsko-proljece.com\\\/web\\\/prijavnice\\\/pozvani-hospitanti\\\/#breadcrumb\",\"itemListElement\":[{\"@type\":\"ListItem\",\"position\":1,\"name\":\"Home\",\"item\":\"https:\\\/\\\/www.novigradsko-proljece.com\\\/web\\\/prijavnice\\\/\"},{\"@type\":\"ListItem\",\"position\":2,\"name\":\"Pozvani hospitanti\"}]},{\"@type\":\"WebSite\",\"@id\":\"https:\\\/\\\/www.novigradsko-proljece.com\\\/web\\\/prijavnice\\\/#website\",\"url\":\"https:\\\/\\\/www.novigradsko-proljece.com\\\/web\\\/prijavnice\\\/\",\"name\":\"Prijave za Novigradsko prolje\u0107e\",\"description\":\"\u0160kola stvarala\u0161tva\",\"publisher\":{\"@id\":\"https:\\\/\\\/www.novigradsko-proljece.com\\\/web\\\/prijavnice\\\/#organization\"},\"potentialAction\":[{\"@type\":\"SearchAction\",\"target\":{\"@type\":\"EntryPoint\",\"urlTemplate\":\"https:\\\/\\\/www.novigradsko-proljece.com\\\/web\\\/prijavnice\\\/?s={search_term_string}\"},\"query-input\":{\"@type\":\"PropertyValueSpecification\",\"valueRequired\":true,\"valueName\":\"search_term_string\"}}],\"inLanguage\":\"hr\"},{\"@type\":\"Organization\",\"@id\":\"https:\\\/\\\/www.novigradsko-proljece.com\\\/web\\\/prijavnice\\\/#organization\",\"name\":\"Novigradsko prolje\u0107e\",\"url\":\"https:\\\/\\\/www.novigradsko-proljece.com\\\/web\\\/prijavnice\\\/\",\"logo\":{\"@type\":\"ImageObject\",\"inLanguage\":\"hr\",\"@id\":\"https:\\\/\\\/www.novigradsko-proljece.com\\\/web\\\/prijavnice\\\/#\\\/schema\\\/logo\\\/image\\\/\",\"url\":\"http:\\\/\\\/www.novigradsko-proljece.com\\\/web\\\/prijavnice\\\/wp-content\\\/uploads\\\/sites\\\/4\\\/2021\\\/12\\\/kids.jpg\",\"contentUrl\":\"http:\\\/\\\/www.novigradsko-proljece.com\\\/web\\\/prijavnice\\\/wp-content\\\/uploads\\\/sites\\\/4\\\/2021\\\/12\\\/kids.jpg\",\"width\":2000,\"height\":1333,\"caption\":\"Novigradsko prolje\u0107e\"},\"image\":{\"@id\":\"https:\\\/\\\/www.novigradsko-proljece.com\\\/web\\\/prijavnice\\\/#\\\/schema\\\/logo\\\/image\\\/\"}}]}<\/script>\n<!-- \/ Yoast SEO plugin. -->","yoast_head_json":{"title":"Pozvani hospitanti | Prijave za Novigradsko prolje\u0107e","robots":{"index":"noindex","follow":"follow","max-snippet":"max-snippet:-1","max-image-preview":"max-image-preview:large","max-video-preview":"max-video-preview:-1"},"og_locale":"hr_HR","og_type":"article","og_title":"Pozvani hospitanti | Prijave za Novigradsko prolje\u0107e","og_description":"Kako biste sudjelovali\u00a0 u ovogodi\u0161njoj \u0160koli stvarala\u0161tva, molimo potvrdite sudjelovanje. Potvrdu mogu obaviti isklju\u010divo osobe koje su ispunile prijavnicu. Da biste mogli pristupiti formularima za potvrdu dolaska \u2013 morate biti ulogirani. Nakon \u0161to ste se ulogirali, u popisu pozvanih kandidata kliknite na OIB prijavnice koju \u017eelite potvrditi i zatim u novom prozoru potvrdite dolazak i [&hellip;]","og_url":"https:\/\/www.novigradsko-proljece.com\/web\/prijavnice\/pozvani-hospitanti\/","og_site_name":"Prijave za Novigradsko prolje\u0107e","article_modified_time":"2024-03-04T15:59:27+00:00","twitter_card":"summary_large_image","schema":{"@context":"https:\/\/schema.org","@graph":[{"@type":"WebPage","@id":"https:\/\/www.novigradsko-proljece.com\/web\/prijavnice\/pozvani-hospitanti\/","url":"https:\/\/www.novigradsko-proljece.com\/web\/prijavnice\/pozvani-hospitanti\/","name":"Pozvani hospitanti | Prijave za Novigradsko prolje\u0107e","isPartOf":{"@id":"https:\/\/www.novigradsko-proljece.com\/web\/prijavnice\/#website"},"datePublished":"2015-03-13T19:00:17+00:00","dateModified":"2024-03-04T15:59:27+00:00","breadcrumb":{"@id":"https:\/\/www.novigradsko-proljece.com\/web\/prijavnice\/pozvani-hospitanti\/#breadcrumb"},"inLanguage":"hr","potentialAction":[{"@type":"ReadAction","target":["https:\/\/www.novigradsko-proljece.com\/web\/prijavnice\/pozvani-hospitanti\/"]}]},{"@type":"BreadcrumbList","@id":"https:\/\/www.novigradsko-proljece.com\/web\/prijavnice\/pozvani-hospitanti\/#breadcrumb","itemListElement":[{"@type":"ListItem","position":1,"name":"Home","item":"https:\/\/www.novigradsko-proljece.com\/web\/prijavnice\/"},{"@type":"ListItem","position":2,"name":"Pozvani hospitanti"}]},{"@type":"WebSite","@id":"https:\/\/www.novigradsko-proljece.com\/web\/prijavnice\/#website","url":"https:\/\/www.novigradsko-proljece.com\/web\/prijavnice\/","name":"Prijave za Novigradsko prolje\u0107e","description":"\u0160kola stvarala\u0161tva","publisher":{"@id":"https:\/\/www.novigradsko-proljece.com\/web\/prijavnice\/#organization"},"potentialAction":[{"@type":"SearchAction","target":{"@type":"EntryPoint","urlTemplate":"https:\/\/www.novigradsko-proljece.com\/web\/prijavnice\/?s={search_term_string}"},"query-input":{"@type":"PropertyValueSpecification","valueRequired":true,"valueName":"search_term_string"}}],"inLanguage":"hr"},{"@type":"Organization","@id":"https:\/\/www.novigradsko-proljece.com\/web\/prijavnice\/#organization","name":"Novigradsko prolje\u0107e","url":"https:\/\/www.novigradsko-proljece.com\/web\/prijavnice\/","logo":{"@type":"ImageObject","inLanguage":"hr","@id":"https:\/\/www.novigradsko-proljece.com\/web\/prijavnice\/#\/schema\/logo\/image\/","url":"http:\/\/www.novigradsko-proljece.com\/web\/prijavnice\/wp-content\/uploads\/sites\/4\/2021\/12\/kids.jpg","contentUrl":"http:\/\/www.novigradsko-proljece.com\/web\/prijavnice\/wp-content\/uploads\/sites\/4\/2021\/12\/kids.jpg","width":2000,"height":1333,"caption":"Novigradsko prolje\u0107e"},"image":{"@id":"https:\/\/www.novigradsko-proljece.com\/web\/prijavnice\/#\/schema\/logo\/image\/"}}]}},"_links":{"self":[{"href":"https:\/\/www.novigradsko-proljece.com\/web\/prijavnice\/wp-json\/wp\/v2\/pages\/817","targetHints":{"allow":["GET"]}}],"collection":[{"href":"https:\/\/www.novigradsko-proljece.com\/web\/prijavnice\/wp-json\/wp\/v2\/pages"}],"about":[{"href":"https:\/\/www.novigradsko-proljece.com\/web\/prijavnice\/wp-json\/wp\/v2\/types\/page"}],"author":[{"embeddable":true,"href":"https:\/\/www.novigradsko-proljece.com\/web\/prijavnice\/wp-json\/wp\/v2\/users\/1"}],"replies":[{"embeddable":true,"href":"https:\/\/www.novigradsko-proljece.com\/web\/prijavnice\/wp-json\/wp\/v2\/comments?post=817"}],"version-history":[{"count":13,"href":"https:\/\/www.novigradsko-proljece.com\/web\/prijavnice\/wp-json\/wp\/v2\/pages\/817\/revisions"}],"predecessor-version":[{"id":23058,"href":"https:\/\/www.novigradsko-proljece.com\/web\/prijavnice\/wp-json\/wp\/v2\/pages\/817\/revisions\/23058"}],"wp:attachment":[{"href":"https:\/\/www.novigradsko-proljece.com\/web\/prijavnice\/wp-json\/wp\/v2\/media?parent=817"}],"curies":[{"name":"wp","href":"https:\/\/api.w.org\/{rel}","templated":true}]}}