{"id":5772,"date":"2017-02-15T15:58:07","date_gmt":"2017-02-15T14:58:07","guid":{"rendered":"http:\/\/www.novigradsko-proljece.com\/web\/prijavnice\/?page_id=5772"},"modified":"2026-03-09T00:04:55","modified_gmt":"2026-03-08T23:04:55","slug":"grad-zagreb-osnovnoskolci-rezultati","status":"publish","type":"page","link":"https:\/\/www.novigradsko-proljece.com\/web\/prijavnice\/grad-zagreb-osnovnoskolci-rezultati\/","title":{"rendered":"Grad Zagreb osnovno\u0161kolci : rezultati"},"content":{"rendered":"<p>Ove godine Gradski ured za obrazovanje, sport i mlade u mogu\u0107nosti je financirati sudjelovanje ukupno 15 u\u010denika osnovnih \u0161kola Grada Zagreba. To je prvih 15 najbolje plasiranih po ukupnom broju bodova i pored njihovog imena u tablici je u stupcu &#8216;ZG kvota&#8217; navedeno &#8211; &#8216;da&#8217;.<\/p>\n","protected":false},"excerpt":{"rendered":"<p>Ove godine Gradski ured za obrazovanje, sport i mlade u mogu\u0107nosti je financirati sudjelovanje ukupno 15 u\u010denika osnovnih \u0161kola Grada Zagreba. To je prvih 15 najbolje plasiranih po ukupnom broju bodova i pored njihovog imena u tablici je u stupcu &#8216;ZG kvota&#8217; navedeno &#8211; &#8216;da&#8217;.<\/p>\n","protected":false},"author":1,"featured_media":0,"parent":0,"menu_order":0,"comment_status":"closed","ping_status":"closed","template":"","meta":{"footnotes":""},"class_list":["post-5772","page","type-page","status-publish","hentry"],"acf":[],"yoast_head":"<!-- This site is optimized with the Yoast SEO plugin v27.5 - https:\/\/yoast.com\/product\/yoast-seo-wordpress\/ -->\n<title>Grad Zagreb osnovno\u0161kolci : rezultati | Prijave za Novigradsko prolje\u0107e<\/title>\n<meta name=\"robots\" content=\"noindex, follow, max-snippet:-1, max-image-preview:large, max-video-preview:-1\" \/>\n<meta property=\"og:locale\" content=\"hr_HR\" \/>\n<meta property=\"og:type\" content=\"article\" \/>\n<meta property=\"og:title\" content=\"Grad Zagreb osnovno\u0161kolci : rezultati | Prijave za Novigradsko prolje\u0107e\" \/>\n<meta property=\"og:description\" content=\"Ove godine Gradski ured za obrazovanje, sport i mlade u mogu\u0107nosti je financirati sudjelovanje ukupno 15 u\u010denika osnovnih \u0161kola Grada Zagreba. To je prvih 15 najbolje plasiranih po ukupnom broju bodova i pored njihovog imena u tablici je u stupcu &#8216;ZG kvota&#8217; navedeno &#8211; &#8216;da&#8217;.\" \/>\n<meta property=\"og:url\" content=\"https:\/\/www.novigradsko-proljece.com\/web\/prijavnice\/grad-zagreb-osnovnoskolci-rezultati\/\" \/>\n<meta property=\"og:site_name\" content=\"Prijave za Novigradsko prolje\u0107e\" \/>\n<meta property=\"article:modified_time\" content=\"2026-03-08T23:04:55+00:00\" \/>\n<meta name=\"twitter:card\" content=\"summary_large_image\" \/>\n<meta name=\"twitter:label1\" content=\"Procijenjeno vrijeme \u010ditanja\" \/>\n\t<meta name=\"twitter:data1\" content=\"1 minuta\" \/>\n<script type=\"application\/ld+json\" class=\"yoast-schema-graph\">{\"@context\":\"https:\\\/\\\/schema.org\",\"@graph\":[{\"@type\":\"WebPage\",\"@id\":\"https:\\\/\\\/www.novigradsko-proljece.com\\\/web\\\/prijavnice\\\/grad-zagreb-osnovnoskolci-rezultati\\\/\",\"url\":\"https:\\\/\\\/www.novigradsko-proljece.com\\\/web\\\/prijavnice\\\/grad-zagreb-osnovnoskolci-rezultati\\\/\",\"name\":\"Grad Zagreb osnovno\u0161kolci : rezultati | Prijave za Novigradsko prolje\u0107e\",\"isPartOf\":{\"@id\":\"https:\\\/\\\/www.novigradsko-proljece.com\\\/web\\\/prijavnice\\\/#website\"},\"datePublished\":\"2017-02-15T14:58:07+00:00\",\"dateModified\":\"2026-03-08T23:04:55+00:00\",\"breadcrumb\":{\"@id\":\"https:\\\/\\\/www.novigradsko-proljece.com\\\/web\\\/prijavnice\\\/grad-zagreb-osnovnoskolci-rezultati\\\/#breadcrumb\"},\"inLanguage\":\"hr\",\"potentialAction\":[{\"@type\":\"ReadAction\",\"target\":[\"https:\\\/\\\/www.novigradsko-proljece.com\\\/web\\\/prijavnice\\\/grad-zagreb-osnovnoskolci-rezultati\\\/\"]}]},{\"@type\":\"BreadcrumbList\",\"@id\":\"https:\\\/\\\/www.novigradsko-proljece.com\\\/web\\\/prijavnice\\\/grad-zagreb-osnovnoskolci-rezultati\\\/#breadcrumb\",\"itemListElement\":[{\"@type\":\"ListItem\",\"position\":1,\"name\":\"Home\",\"item\":\"https:\\\/\\\/www.novigradsko-proljece.com\\\/web\\\/prijavnice\\\/\"},{\"@type\":\"ListItem\",\"position\":2,\"name\":\"Grad Zagreb osnovno\u0161kolci : rezultati\"}]},{\"@type\":\"WebSite\",\"@id\":\"https:\\\/\\\/www.novigradsko-proljece.com\\\/web\\\/prijavnice\\\/#website\",\"url\":\"https:\\\/\\\/www.novigradsko-proljece.com\\\/web\\\/prijavnice\\\/\",\"name\":\"Prijave za Novigradsko prolje\u0107e\",\"description\":\"\u0160kola stvarala\u0161tva\",\"publisher\":{\"@id\":\"https:\\\/\\\/www.novigradsko-proljece.com\\\/web\\\/prijavnice\\\/#organization\"},\"potentialAction\":[{\"@type\":\"SearchAction\",\"target\":{\"@type\":\"EntryPoint\",\"urlTemplate\":\"https:\\\/\\\/www.novigradsko-proljece.com\\\/web\\\/prijavnice\\\/?s={search_term_string}\"},\"query-input\":{\"@type\":\"PropertyValueSpecification\",\"valueRequired\":true,\"valueName\":\"search_term_string\"}}],\"inLanguage\":\"hr\"},{\"@type\":\"Organization\",\"@id\":\"https:\\\/\\\/www.novigradsko-proljece.com\\\/web\\\/prijavnice\\\/#organization\",\"name\":\"Novigradsko prolje\u0107e\",\"url\":\"https:\\\/\\\/www.novigradsko-proljece.com\\\/web\\\/prijavnice\\\/\",\"logo\":{\"@type\":\"ImageObject\",\"inLanguage\":\"hr\",\"@id\":\"https:\\\/\\\/www.novigradsko-proljece.com\\\/web\\\/prijavnice\\\/#\\\/schema\\\/logo\\\/image\\\/\",\"url\":\"http:\\\/\\\/www.novigradsko-proljece.com\\\/web\\\/prijavnice\\\/wp-content\\\/uploads\\\/sites\\\/4\\\/2021\\\/12\\\/kids.jpg\",\"contentUrl\":\"http:\\\/\\\/www.novigradsko-proljece.com\\\/web\\\/prijavnice\\\/wp-content\\\/uploads\\\/sites\\\/4\\\/2021\\\/12\\\/kids.jpg\",\"width\":2000,\"height\":1333,\"caption\":\"Novigradsko prolje\u0107e\"},\"image\":{\"@id\":\"https:\\\/\\\/www.novigradsko-proljece.com\\\/web\\\/prijavnice\\\/#\\\/schema\\\/logo\\\/image\\\/\"}}]}<\/script>\n<!-- \/ Yoast SEO plugin. -->","yoast_head_json":{"title":"Grad Zagreb osnovno\u0161kolci : rezultati | Prijave za Novigradsko prolje\u0107e","robots":{"index":"noindex","follow":"follow","max-snippet":"max-snippet:-1","max-image-preview":"max-image-preview:large","max-video-preview":"max-video-preview:-1"},"og_locale":"hr_HR","og_type":"article","og_title":"Grad Zagreb osnovno\u0161kolci : rezultati | Prijave za Novigradsko prolje\u0107e","og_description":"Ove godine Gradski ured za obrazovanje, sport i mlade u mogu\u0107nosti je financirati sudjelovanje ukupno 15 u\u010denika osnovnih \u0161kola Grada Zagreba. To je prvih 15 najbolje plasiranih po ukupnom broju bodova i pored njihovog imena u tablici je u stupcu &#8216;ZG kvota&#8217; navedeno &#8211; &#8216;da&#8217;.","og_url":"https:\/\/www.novigradsko-proljece.com\/web\/prijavnice\/grad-zagreb-osnovnoskolci-rezultati\/","og_site_name":"Prijave za Novigradsko prolje\u0107e","article_modified_time":"2026-03-08T23:04:55+00:00","twitter_card":"summary_large_image","twitter_misc":{"Procijenjeno vrijeme \u010ditanja":"1 minuta"},"schema":{"@context":"https:\/\/schema.org","@graph":[{"@type":"WebPage","@id":"https:\/\/www.novigradsko-proljece.com\/web\/prijavnice\/grad-zagreb-osnovnoskolci-rezultati\/","url":"https:\/\/www.novigradsko-proljece.com\/web\/prijavnice\/grad-zagreb-osnovnoskolci-rezultati\/","name":"Grad Zagreb osnovno\u0161kolci : rezultati | Prijave za Novigradsko prolje\u0107e","isPartOf":{"@id":"https:\/\/www.novigradsko-proljece.com\/web\/prijavnice\/#website"},"datePublished":"2017-02-15T14:58:07+00:00","dateModified":"2026-03-08T23:04:55+00:00","breadcrumb":{"@id":"https:\/\/www.novigradsko-proljece.com\/web\/prijavnice\/grad-zagreb-osnovnoskolci-rezultati\/#breadcrumb"},"inLanguage":"hr","potentialAction":[{"@type":"ReadAction","target":["https:\/\/www.novigradsko-proljece.com\/web\/prijavnice\/grad-zagreb-osnovnoskolci-rezultati\/"]}]},{"@type":"BreadcrumbList","@id":"https:\/\/www.novigradsko-proljece.com\/web\/prijavnice\/grad-zagreb-osnovnoskolci-rezultati\/#breadcrumb","itemListElement":[{"@type":"ListItem","position":1,"name":"Home","item":"https:\/\/www.novigradsko-proljece.com\/web\/prijavnice\/"},{"@type":"ListItem","position":2,"name":"Grad Zagreb osnovno\u0161kolci : rezultati"}]},{"@type":"WebSite","@id":"https:\/\/www.novigradsko-proljece.com\/web\/prijavnice\/#website","url":"https:\/\/www.novigradsko-proljece.com\/web\/prijavnice\/","name":"Prijave za Novigradsko prolje\u0107e","description":"\u0160kola stvarala\u0161tva","publisher":{"@id":"https:\/\/www.novigradsko-proljece.com\/web\/prijavnice\/#organization"},"potentialAction":[{"@type":"SearchAction","target":{"@type":"EntryPoint","urlTemplate":"https:\/\/www.novigradsko-proljece.com\/web\/prijavnice\/?s={search_term_string}"},"query-input":{"@type":"PropertyValueSpecification","valueRequired":true,"valueName":"search_term_string"}}],"inLanguage":"hr"},{"@type":"Organization","@id":"https:\/\/www.novigradsko-proljece.com\/web\/prijavnice\/#organization","name":"Novigradsko prolje\u0107e","url":"https:\/\/www.novigradsko-proljece.com\/web\/prijavnice\/","logo":{"@type":"ImageObject","inLanguage":"hr","@id":"https:\/\/www.novigradsko-proljece.com\/web\/prijavnice\/#\/schema\/logo\/image\/","url":"http:\/\/www.novigradsko-proljece.com\/web\/prijavnice\/wp-content\/uploads\/sites\/4\/2021\/12\/kids.jpg","contentUrl":"http:\/\/www.novigradsko-proljece.com\/web\/prijavnice\/wp-content\/uploads\/sites\/4\/2021\/12\/kids.jpg","width":2000,"height":1333,"caption":"Novigradsko prolje\u0107e"},"image":{"@id":"https:\/\/www.novigradsko-proljece.com\/web\/prijavnice\/#\/schema\/logo\/image\/"}}]}},"_links":{"self":[{"href":"https:\/\/www.novigradsko-proljece.com\/web\/prijavnice\/wp-json\/wp\/v2\/pages\/5772","targetHints":{"allow":["GET"]}}],"collection":[{"href":"https:\/\/www.novigradsko-proljece.com\/web\/prijavnice\/wp-json\/wp\/v2\/pages"}],"about":[{"href":"https:\/\/www.novigradsko-proljece.com\/web\/prijavnice\/wp-json\/wp\/v2\/types\/page"}],"author":[{"embeddable":true,"href":"https:\/\/www.novigradsko-proljece.com\/web\/prijavnice\/wp-json\/wp\/v2\/users\/1"}],"replies":[{"embeddable":true,"href":"https:\/\/www.novigradsko-proljece.com\/web\/prijavnice\/wp-json\/wp\/v2\/comments?post=5772"}],"version-history":[{"count":7,"href":"https:\/\/www.novigradsko-proljece.com\/web\/prijavnice\/wp-json\/wp\/v2\/pages\/5772\/revisions"}],"predecessor-version":[{"id":18382,"href":"https:\/\/www.novigradsko-proljece.com\/web\/prijavnice\/wp-json\/wp\/v2\/pages\/5772\/revisions\/18382"}],"wp:attachment":[{"href":"https:\/\/www.novigradsko-proljece.com\/web\/prijavnice\/wp-json\/wp\/v2\/media?parent=5772"}],"curies":[{"name":"wp","href":"https:\/\/api.w.org\/{rel}","templated":true}]}}