{"id":21316,"date":"2024-01-22T13:38:05","date_gmt":"2024-01-22T12:38:05","guid":{"rendered":"https:\/\/www.novigradsko-proljece.com\/web\/prijavnice\/?page_id=21316"},"modified":"2024-01-22T13:41:32","modified_gmt":"2024-01-22T12:41:32","slug":"zastita-privatnosti","status":"publish","type":"page","link":"https:\/\/www.novigradsko-proljece.com\/web\/prijavnice\/zastita-privatnosti\/","title":{"rendered":"Za\u0161tita privatnosti"},"content":{"rendered":"<p><strong>Za\u0161tita podataka<\/strong><br \/>\nOsnovna \u0161kola \u2013 Scuola elementare RIVARELA, kao prire\u0111iva\u010d \u0160kole stvarala\u0161tva \u201eNovigradsko prolje\u0107e\u201c 2024., prikuplja, obra\u0111uje, koristi i \u0161titi osobne podatke u\u010denika i hospitanata sukladno Op\u0107oj uredbi o za\u0161titi podataka i Pravilima Osnovne \u0161kole \u2013 Scuola elementare RIVARELA, o za\u0161titi osobnih podataka koja su javno dostupna na mre\u017enoj stranici Agencije.<\/p>\n<p>Prijavom za sudjelovanje na \u0160koli stvarala\u0161tva \u201eNovigradsko prolje\u0107e\u201c 2024. pristupnici su izri\u010dito suglasni da Osnovna \u0161kola \u2013 Scuola elementare RIVARELA, kao voditelj obrade osobnih podataka mo\u017ee prikupljati i obra\u0111ivati podatke u svrhu sudjelovanja na radioni\u010dkom programu, sukladno odredbama Op\u0107e uredbe o za\u0161titi podataka (EU 2016\/679) i Zakona o provedbi Op\u0107e uredbe o za\u0161titi podataka (Narodne novine, broj 42\/2018). \u0160kola \u0107e osobne podatke pristupnika prikupljati i obra\u0111ivati samo u mjeri u kojoj je to potrebno za sudjelovanje na radioni\u010dkom programu te se ne\u0107e koristiti ni obra\u0111ivati u druge svrhe.<\/p>\n<p>Ovim Pravilima o za\u0161titi osobnih podataka u svrhu sudjelovanja u\u010denika i hospitanata u \u0160koli stvarala\u0161tva \u201eNovigradsko prolje\u0107e\u201c 2024. utvr\u0111uje se sljede\u0107e: koji konkretno osobni podaci se prikupljaju, koji se od tih podataka objavljuju javno na internetskim stranicama, koji podaci se proslje\u0111uju drugim institucijama, koliko dugo i gdje se \u010duvaju podaci te sigurnost mre\u017ene stranice\/sustava.<\/p>\n<p><strong>Prikupljanje osobnih podataka<\/strong><br \/>\n<strong>za u\u010denike:<\/strong>\u00a0ime i prezime, spol, OIB, razred, vrsta \u0161kole, razred, broj telefona, e \u2013 mail, ime i prezime roditelja, broj telefona roditelja, e \u2013 mail adresa roditelja, podaci o \u0161koli, dokazi o sudjelovanju na natjecanjima (\u0161kolskim, op\u0107inski, \u017eupanijskim, dr\u017eavnim, me\u0111unarodnim),<br \/>\n<strong>za hospitante:<\/strong>\u00a0ime i prezime, OIB, spol, adresa, broj telefona, e \u2013 mail, stru\u010dna sprema, sta\u017e, podaci o \u0161koli, dokazi o sudjelovanju na natjecanjima (\u0161kolskim, op\u0107inski, \u017eupanijskim, dr\u017eavnim, me\u0111unarodnim),<br \/>\n<strong>za \u010dlanove \u017eupanijskog\/dr\u017eavnog povjerenstva za provedbu natjecanja\/smotre:<\/strong>\u00a0ime i prezime, zanimanje, institucija, email adresa, tel.\/mob.,<br \/>\n<strong><\/p>\n<p>Podaci koji se javno objavljuju na internetskoj stranici:<br \/>\nza u\u010denike:<\/strong>\u00a0ime i prezime, razred, naziv \u0161kole, grad i \u017eupanija, ostvareni rezultat,<br \/>\n<strong>za hospitante:<\/strong>\u00a0ime i prezime, naziv \u0161kole\/institucije, grad i \u017eupanija,<br \/>\n<strong>za \u010dlanove dr\u017eavnog povjerenstva za provedbu natjecanja\/smotre:<\/strong>\u00a0ime i prezime, zvanje, institucija, grad i \u017eupanija.<\/p>\n<p>Prijavom dajete suglasnost voditelju obrade da mo\u017ee prikupljati i obra\u0111ivati va\u0161e osobne podatke u svrhu promocije, objave fotografija, audio i video zapisa s iste. Privola se odnosi na objavu fotografija te audio i video zapisa\u00a0 u tiskanim i elektroni\u010dkim izvje\u0161\u0107ima Agencije za odgoj i obrazovanje te Osnovne \u0161kole \u2013 Scuola elementare RIVARELA, kao organizatora i prire\u0111iva\u010da \u0160kole stvarala\u0161tva.<\/p>\n<p>Sa svim prikupljenim podacima postupat \u0107e se sukladno Op\u0107oj uredbi za za\u0161titu podataka (GDPR). Privola se odnosi isklju\u010divo na prethodno navedene svrhe obrada navedenih kategorija osobnih podataka u\u010denika i hospitanata koji se prikupljaju i obra\u0111uju za vrijeme njihovog sudjelovanja te se navedeni osobni podaci u drugu svrhu ne smiju koristiti.<\/p>\n<p><strong><br \/>\nPohrana osobnih podataka u\u010denika<\/strong><br \/>\nVa\u0161e osobne podatke obra\u0111ujemo u skladu s va\u017ee\u0107im propisima (Uredba \/EU\/ 2016\/679 Europskog parlamenta i Vije\u0107a o za\u0161titi pojedinaca u vezi s obradom osobnih podataka i o slobodnom kretanju takvih podataka te o stavljanju izvan snage Direktive 95\/46\/EZ i Zakona o provedbi Op\u0107e uredbe o za\u0161titi podataka (Narodne novine, 42\/2018), a u svrhu organizacije i provedbe \u0160kole stvarala\u0161tva \u201eNovigradsko prolje\u0107e\u201c 2024. te ostvarivanja prava sudionika istog koja proizlaze iz va\u017ee\u0107ih propisa.<\/p>\n<p>Va\u0161e osobne podatke u pravilu ne proslje\u0111ujemo niti ustupamo nepovezanim tre\u0107im stranama te su sigurnosno pohranjeni na na\u0161em ili vanjskom poslu\u017eitelju koji izaberemo, a koji u dovoljnoj mjeri jam\u010di provedbu odgovaraju\u0107ih tehni\u010dkih i organizacijskih mjera na na\u010din da je obrada u skladu sa zahtjevima Op\u0107e uredbe o za\u0161titi osobnih podataka i Zakona o provedbi Op\u0107e uredbe o za\u0161titi podataka. Va\u0161e podatke mo\u017eemo proslijediti tre\u0107im osobama, primjerice drugim institucijama iz podru\u010dja odgoja i obrazovanja, strukovnog obrazovanja, visokog obrazovanja te podru\u010dja znanosti u skladu s va\u017ee\u0107im propisima.<\/p>\n<p><strong><br \/>\nInstitucije kojima se podaci proslje\u0111uju<\/strong><br \/>\nAgencija za odgoj i obrazovanje<\/p>\n<p><strong><br \/>\nKoliko dugo se \u010duvaju podaci i gdje<\/strong><br \/>\nPodaci se \u010duvaju u skladu sa zakonskim propisima te Posebnim popisom arhivskoga i registraturnoga gradiva Osnovne \u0161kole \u2013 Scuola elementare RIVARELA.<\/p>\n<p><strong><br \/>\nUpiti o privatnosti<\/strong><br \/>\nSukladno Op\u0107oj uredbi o za\u0161titi podataka \u0160kola osigurava roditeljima i u\u010denicima te hospitantima, uz ostala prava i pravo na pristup osobnim podacima koje o njima prikuplja i obra\u0111uje. Zahtjev za pristup va\u0161im osobnim podacima ili zapisima o va\u0161em djetetu mo\u017eete podnijeti na e \u2013 mail adresu: <a href=\"mailto:gdpr@os-rivarela-novigrad.skole.hr\">gdpr@os-rivarela-novigrad.skole.hr<\/a> ili po\u0161tom na adresu Osnovne \u0161kole \u2013 Scuola elementare RIVARELA, Emonijska ulica 4, 52466 Novigrad \u2013 Cittanova. Putem web stranice \u0160kole stvarala\u0161tva \u201eNovigradsko prolje\u0107e\u201c mogu\u0107e je tako\u0111er popuniti zahtjev za ostvarenje prava kako je to navedeno u Op\u0107oj uredbi o za\u0161titi podataka.<\/p>\n","protected":false},"excerpt":{"rendered":"<p>Za\u0161tita podataka Osnovna \u0161kola \u2013 Scuola elementare RIVARELA, kao prire\u0111iva\u010d \u0160kole stvarala\u0161tva \u201eNovigradsko prolje\u0107e\u201c 2024., prikuplja, obra\u0111uje, koristi i \u0161titi osobne podatke u\u010denika i hospitanata sukladno Op\u0107oj uredbi o za\u0161titi podataka i Pravilima Osnovne \u0161kole \u2013 Scuola elementare RIVARELA, o za\u0161titi osobnih podataka koja su javno dostupna na mre\u017enoj stranici Agencije. Prijavom za sudjelovanje na [&hellip;]<\/p>\n","protected":false},"author":1,"featured_media":0,"parent":0,"menu_order":0,"comment_status":"closed","ping_status":"closed","template":"","meta":{"footnotes":""},"class_list":["post-21316","page","type-page","status-publish","hentry"],"acf":[],"yoast_head":"<!-- This site is optimized with the Yoast SEO plugin v27.4 - https:\/\/yoast.com\/product\/yoast-seo-wordpress\/ -->\n<title>Za\u0161tita privatnosti | Prijave za Novigradsko prolje\u0107e<\/title>\n<meta name=\"robots\" content=\"noindex, follow, max-snippet:-1, max-image-preview:large, max-video-preview:-1\" \/>\n<meta property=\"og:locale\" content=\"hr_HR\" \/>\n<meta property=\"og:type\" content=\"article\" \/>\n<meta property=\"og:title\" content=\"Za\u0161tita privatnosti | Prijave za Novigradsko prolje\u0107e\" \/>\n<meta property=\"og:description\" content=\"Za\u0161tita podataka Osnovna \u0161kola \u2013 Scuola elementare RIVARELA, kao prire\u0111iva\u010d \u0160kole stvarala\u0161tva \u201eNovigradsko prolje\u0107e\u201c 2024., prikuplja, obra\u0111uje, koristi i \u0161titi osobne podatke u\u010denika i hospitanata sukladno Op\u0107oj uredbi o za\u0161titi podataka i Pravilima Osnovne \u0161kole \u2013 Scuola elementare RIVARELA, o za\u0161titi osobnih podataka koja su javno dostupna na mre\u017enoj stranici Agencije. Prijavom za sudjelovanje na [&hellip;]\" \/>\n<meta property=\"og:url\" content=\"https:\/\/www.novigradsko-proljece.com\/web\/prijavnice\/zastita-privatnosti\/\" \/>\n<meta property=\"og:site_name\" content=\"Prijave za Novigradsko prolje\u0107e\" \/>\n<meta property=\"article:modified_time\" content=\"2024-01-22T12:41:32+00:00\" \/>\n<meta name=\"twitter:card\" content=\"summary_large_image\" \/>\n<meta name=\"twitter:label1\" content=\"Procijenjeno vrijeme \u010ditanja\" \/>\n\t<meta name=\"twitter:data1\" content=\"4 minute\" \/>\n<script type=\"application\/ld+json\" class=\"yoast-schema-graph\">{\"@context\":\"https:\\\/\\\/schema.org\",\"@graph\":[{\"@type\":\"WebPage\",\"@id\":\"https:\\\/\\\/www.novigradsko-proljece.com\\\/web\\\/prijavnice\\\/zastita-privatnosti\\\/\",\"url\":\"https:\\\/\\\/www.novigradsko-proljece.com\\\/web\\\/prijavnice\\\/zastita-privatnosti\\\/\",\"name\":\"Za\u0161tita privatnosti | Prijave za Novigradsko prolje\u0107e\",\"isPartOf\":{\"@id\":\"https:\\\/\\\/www.novigradsko-proljece.com\\\/web\\\/prijavnice\\\/#website\"},\"datePublished\":\"2024-01-22T12:38:05+00:00\",\"dateModified\":\"2024-01-22T12:41:32+00:00\",\"breadcrumb\":{\"@id\":\"https:\\\/\\\/www.novigradsko-proljece.com\\\/web\\\/prijavnice\\\/zastita-privatnosti\\\/#breadcrumb\"},\"inLanguage\":\"hr\",\"potentialAction\":[{\"@type\":\"ReadAction\",\"target\":[\"https:\\\/\\\/www.novigradsko-proljece.com\\\/web\\\/prijavnice\\\/zastita-privatnosti\\\/\"]}]},{\"@type\":\"BreadcrumbList\",\"@id\":\"https:\\\/\\\/www.novigradsko-proljece.com\\\/web\\\/prijavnice\\\/zastita-privatnosti\\\/#breadcrumb\",\"itemListElement\":[{\"@type\":\"ListItem\",\"position\":1,\"name\":\"Home\",\"item\":\"https:\\\/\\\/www.novigradsko-proljece.com\\\/web\\\/prijavnice\\\/\"},{\"@type\":\"ListItem\",\"position\":2,\"name\":\"Za\u0161tita privatnosti\"}]},{\"@type\":\"WebSite\",\"@id\":\"https:\\\/\\\/www.novigradsko-proljece.com\\\/web\\\/prijavnice\\\/#website\",\"url\":\"https:\\\/\\\/www.novigradsko-proljece.com\\\/web\\\/prijavnice\\\/\",\"name\":\"Prijave za Novigradsko prolje\u0107e\",\"description\":\"\u0160kola stvarala\u0161tva\",\"publisher\":{\"@id\":\"https:\\\/\\\/www.novigradsko-proljece.com\\\/web\\\/prijavnice\\\/#organization\"},\"potentialAction\":[{\"@type\":\"SearchAction\",\"target\":{\"@type\":\"EntryPoint\",\"urlTemplate\":\"https:\\\/\\\/www.novigradsko-proljece.com\\\/web\\\/prijavnice\\\/?s={search_term_string}\"},\"query-input\":{\"@type\":\"PropertyValueSpecification\",\"valueRequired\":true,\"valueName\":\"search_term_string\"}}],\"inLanguage\":\"hr\"},{\"@type\":\"Organization\",\"@id\":\"https:\\\/\\\/www.novigradsko-proljece.com\\\/web\\\/prijavnice\\\/#organization\",\"name\":\"Novigradsko prolje\u0107e\",\"url\":\"https:\\\/\\\/www.novigradsko-proljece.com\\\/web\\\/prijavnice\\\/\",\"logo\":{\"@type\":\"ImageObject\",\"inLanguage\":\"hr\",\"@id\":\"https:\\\/\\\/www.novigradsko-proljece.com\\\/web\\\/prijavnice\\\/#\\\/schema\\\/logo\\\/image\\\/\",\"url\":\"http:\\\/\\\/www.novigradsko-proljece.com\\\/web\\\/prijavnice\\\/wp-content\\\/uploads\\\/sites\\\/4\\\/2021\\\/12\\\/kids.jpg\",\"contentUrl\":\"http:\\\/\\\/www.novigradsko-proljece.com\\\/web\\\/prijavnice\\\/wp-content\\\/uploads\\\/sites\\\/4\\\/2021\\\/12\\\/kids.jpg\",\"width\":2000,\"height\":1333,\"caption\":\"Novigradsko prolje\u0107e\"},\"image\":{\"@id\":\"https:\\\/\\\/www.novigradsko-proljece.com\\\/web\\\/prijavnice\\\/#\\\/schema\\\/logo\\\/image\\\/\"}}]}<\/script>\n<!-- \/ Yoast SEO plugin. -->","yoast_head_json":{"title":"Za\u0161tita privatnosti | Prijave za Novigradsko prolje\u0107e","robots":{"index":"noindex","follow":"follow","max-snippet":"max-snippet:-1","max-image-preview":"max-image-preview:large","max-video-preview":"max-video-preview:-1"},"og_locale":"hr_HR","og_type":"article","og_title":"Za\u0161tita privatnosti | Prijave za Novigradsko prolje\u0107e","og_description":"Za\u0161tita podataka Osnovna \u0161kola \u2013 Scuola elementare RIVARELA, kao prire\u0111iva\u010d \u0160kole stvarala\u0161tva \u201eNovigradsko prolje\u0107e\u201c 2024., prikuplja, obra\u0111uje, koristi i \u0161titi osobne podatke u\u010denika i hospitanata sukladno Op\u0107oj uredbi o za\u0161titi podataka i Pravilima Osnovne \u0161kole \u2013 Scuola elementare RIVARELA, o za\u0161titi osobnih podataka koja su javno dostupna na mre\u017enoj stranici Agencije. Prijavom za sudjelovanje na [&hellip;]","og_url":"https:\/\/www.novigradsko-proljece.com\/web\/prijavnice\/zastita-privatnosti\/","og_site_name":"Prijave za Novigradsko prolje\u0107e","article_modified_time":"2024-01-22T12:41:32+00:00","twitter_card":"summary_large_image","twitter_misc":{"Procijenjeno vrijeme \u010ditanja":"4 minute"},"schema":{"@context":"https:\/\/schema.org","@graph":[{"@type":"WebPage","@id":"https:\/\/www.novigradsko-proljece.com\/web\/prijavnice\/zastita-privatnosti\/","url":"https:\/\/www.novigradsko-proljece.com\/web\/prijavnice\/zastita-privatnosti\/","name":"Za\u0161tita privatnosti | Prijave za Novigradsko prolje\u0107e","isPartOf":{"@id":"https:\/\/www.novigradsko-proljece.com\/web\/prijavnice\/#website"},"datePublished":"2024-01-22T12:38:05+00:00","dateModified":"2024-01-22T12:41:32+00:00","breadcrumb":{"@id":"https:\/\/www.novigradsko-proljece.com\/web\/prijavnice\/zastita-privatnosti\/#breadcrumb"},"inLanguage":"hr","potentialAction":[{"@type":"ReadAction","target":["https:\/\/www.novigradsko-proljece.com\/web\/prijavnice\/zastita-privatnosti\/"]}]},{"@type":"BreadcrumbList","@id":"https:\/\/www.novigradsko-proljece.com\/web\/prijavnice\/zastita-privatnosti\/#breadcrumb","itemListElement":[{"@type":"ListItem","position":1,"name":"Home","item":"https:\/\/www.novigradsko-proljece.com\/web\/prijavnice\/"},{"@type":"ListItem","position":2,"name":"Za\u0161tita privatnosti"}]},{"@type":"WebSite","@id":"https:\/\/www.novigradsko-proljece.com\/web\/prijavnice\/#website","url":"https:\/\/www.novigradsko-proljece.com\/web\/prijavnice\/","name":"Prijave za Novigradsko prolje\u0107e","description":"\u0160kola stvarala\u0161tva","publisher":{"@id":"https:\/\/www.novigradsko-proljece.com\/web\/prijavnice\/#organization"},"potentialAction":[{"@type":"SearchAction","target":{"@type":"EntryPoint","urlTemplate":"https:\/\/www.novigradsko-proljece.com\/web\/prijavnice\/?s={search_term_string}"},"query-input":{"@type":"PropertyValueSpecification","valueRequired":true,"valueName":"search_term_string"}}],"inLanguage":"hr"},{"@type":"Organization","@id":"https:\/\/www.novigradsko-proljece.com\/web\/prijavnice\/#organization","name":"Novigradsko prolje\u0107e","url":"https:\/\/www.novigradsko-proljece.com\/web\/prijavnice\/","logo":{"@type":"ImageObject","inLanguage":"hr","@id":"https:\/\/www.novigradsko-proljece.com\/web\/prijavnice\/#\/schema\/logo\/image\/","url":"http:\/\/www.novigradsko-proljece.com\/web\/prijavnice\/wp-content\/uploads\/sites\/4\/2021\/12\/kids.jpg","contentUrl":"http:\/\/www.novigradsko-proljece.com\/web\/prijavnice\/wp-content\/uploads\/sites\/4\/2021\/12\/kids.jpg","width":2000,"height":1333,"caption":"Novigradsko prolje\u0107e"},"image":{"@id":"https:\/\/www.novigradsko-proljece.com\/web\/prijavnice\/#\/schema\/logo\/image\/"}}]}},"_links":{"self":[{"href":"https:\/\/www.novigradsko-proljece.com\/web\/prijavnice\/wp-json\/wp\/v2\/pages\/21316","targetHints":{"allow":["GET"]}}],"collection":[{"href":"https:\/\/www.novigradsko-proljece.com\/web\/prijavnice\/wp-json\/wp\/v2\/pages"}],"about":[{"href":"https:\/\/www.novigradsko-proljece.com\/web\/prijavnice\/wp-json\/wp\/v2\/types\/page"}],"author":[{"embeddable":true,"href":"https:\/\/www.novigradsko-proljece.com\/web\/prijavnice\/wp-json\/wp\/v2\/users\/1"}],"replies":[{"embeddable":true,"href":"https:\/\/www.novigradsko-proljece.com\/web\/prijavnice\/wp-json\/wp\/v2\/comments?post=21316"}],"version-history":[{"count":2,"href":"https:\/\/www.novigradsko-proljece.com\/web\/prijavnice\/wp-json\/wp\/v2\/pages\/21316\/revisions"}],"predecessor-version":[{"id":21318,"href":"https:\/\/www.novigradsko-proljece.com\/web\/prijavnice\/wp-json\/wp\/v2\/pages\/21316\/revisions\/21318"}],"wp:attachment":[{"href":"https:\/\/www.novigradsko-proljece.com\/web\/prijavnice\/wp-json\/wp\/v2\/media?parent=21316"}],"curies":[{"name":"wp","href":"https:\/\/api.w.org\/{rel}","templated":true}]}}