{"id":103,"date":"2014-12-15T15:04:19","date_gmt":"2014-12-15T14:04:19","guid":{"rendered":"http:\/\/www.novigradsko-proljece.com\/web\/prijavnice\/?page_id=103"},"modified":"2026-03-10T11:28:10","modified_gmt":"2026-03-10T10:28:10","slug":"naslovnica","status":"publish","type":"page","link":"https:\/\/www.novigradsko-proljece.com\/web\/prijavnice\/","title":{"rendered":"Novigradsko prolje\u0107e 2026."},"content":{"rendered":"<p>Dragi u\u010denici, u\u010ditelji i nastavnici, stru\u010dni suradnici,<\/p>\n<p>objavili smo popise u\u010denika i hospitanata pozvanih na Novigradsko prolje\u0107e 2026.<\/p>\n<p>Molimo, potvrdite sudjelovanje prema ovim uputama:<\/p>\n<p><strong><br \/>\nPotvrda sudjelovanja za HOSPITANATE \u2013 rok je 13. o\u017eujka 2026. godine:<\/strong><\/p>\n<p>&#8211; obavezno se ulogirajte u sustav, potvrdu dolaska mogu obaviti isklju\u010divo osobe koje su ispunile prijavnicu &#8211; u tablici pozvanih hospitanata kliknite na OIB pored svog imena da biste pristupili svojoj osobnoj stranici<\/p>\n<p>&#8211; na njoj ispunite formular za potvrdu dolaska i inicijalni upitnik<\/p>\n<p>&#8211; potom ispunite formular za smje\u0161taj koji se nalazi <a href=\"https:\/\/prijava.horizont-travel.hr\/\">ovdje<\/a><\/p>\n<p><strong><br \/>\nPotvrda sudjelovanja za U\u010cENIKE te uplata kotizacije i smje\u0161taja \u2013 rok je 20. o\u017eujka 2026. godine:<\/strong><\/p>\n<p>&#8211; obavezno se ulogirajte u sustav, potvrdu dolaska mogu obaviti isklju\u010divo osobe koje su ispunile prijavnicu<\/p>\n<p>&#8211; u tablici pozvanih u\u010denika kliknite na OIB pored imena u\u010denika da biste pristupili njezinoj\/njegovoj osobnoj stranici<\/p>\n<p>&#8211; na njoj ispunite formular za potvrdu dolaska<\/p>\n<p>&#8211; potom u\u010denica\/u\u010denik mora na istoj stranici ispuniti i inicijalni upitnik<\/p>\n<p>&#8211; potom ispunite formular za smje\u0161taj koji se nalazi <a href=\"https:\/\/prijava.horizont-travel.hr\/\">ovdje<\/a><\/p>\n<p><strong><br \/>\nGrad Zagrebu financirat \u0107e sudjelovanje 15 u\u010denika osnovnih i 10 u\u010denika srednjih \u0161kola, i to su najbolje plasirani po ukupnom broju bodova <\/strong><\/p>\n<p>&#8211; jesu li va\u0161i u\u010denici me\u0111u onima kojima \u0107e Grad Zagreb financirati dolazak mo\u017eete provjeriti u tablicama za u\u010denike osnovnih \u0161kola <a href=\"https:\/\/www.novigradsko-proljece.com\/web\/prijavnice\/grad-zagreb-osnovnoskolci-rezultati\/\">ovdje<\/a>, a za u\u010denike srednjih \u0161kola <a href=\"https:\/\/www.novigradsko-proljece.com\/web\/prijavnice\/grad-zagreb-srednjoskolci-rezultati\/\">ovdje<\/a><\/p>\n<p>&#8211; u\u010denici su prije dolaska du\u017eni uplatiti i kotizaciju prema ni\u017ee prilo\u017eenoj uplatnici, te potom ispuniti obrazac za smje\u0161taj koji se nalazi <a href=\"https:\/\/prijava.horizont-travel.hr\/\">ovdje<\/a>.<\/p>\n<p><strong>Informacije o financiranju 15 u\u010denika osnovnih \u0161kola i 10 u\u010denika srednjih \u0161kola mogu se dobiti u Gradskom uredu za obrazovanje, sport I mlade Grada Zagreba.<\/strong><\/p>\n<p>Molimo \u0161kole koje \u0107e upla\u0107ivati kotizacije svojih u\u010denika da <u>prije uplate<\/u> zatra\u017ee putem maila <u>izdavanje e-ra\u010duna<\/u> za svoju \u0161kolu.<br \/>\nObavezno treba navesti podatke \u0161kole s OIB-om kao i popis imena u\u010denika za koje se vr\u0161i uplata, tako\u0111er s OIB-om.<br \/>\nPri uplati obavezno upisati HR64 7323-10364-0918 kao na prilo\u017eenoj uplatnici.<br \/>\nMail adresa za izdavanje e- ra\u010duna: <a href=\"mailto:racunovodstvo@os-rivarela-novigrad.skole.hr\">racunovodstvo@os-rivarela-novigrad.skole.hr<\/a><\/p>\n<p>&nbsp;<\/p>\n<p>Roditelji koji \u0107e osobno upla\u0107ivati kotizacije za svoju djecu <strong>OBAVEZNO<\/strong> u opisu moraju navesti ime i prezime u\u010denika i OIB da bi se mogla to\u010dno evidentirati uplata.<\/p>\n<p>Pri uplati obavezno upisati HR64 7323-10364-0918 kao na prilo\u017eenoj uplatnici.<\/p>\n<p>Nakon uplate kotizacije obavezno je proslijediti potvrdu u uplati mail ra\u010dunovodstva \u0160kole:<\/p>\n<p><a href=\"mailto:racunovodstvo@os-rivarela-novigrad.skole.hr\">racunovodstvo@os-rivarela-novigrad.skole.hr<\/a><\/p>\n<p>&nbsp;<\/p>\n<p><strong>Molimo u\u010denike da prilikom dolaska donesu sa sobom potvrdu o uplati.<\/strong><\/p>\n<p>&nbsp;<\/p>\n<p>Vidimo se u Novigradu!<\/p>\n<p>***<\/p>\n<a href=\"https:\/\/www.novigradsko-proljece.com\/web\/prijavnice\/wp-content\/uploads\/sites\/4\/2026\/03\/UPLATNICA-2026.pdf\" class=\"pdfemb-viewer\" style=\"\" data-width=\"max\" data-height=\"max\" data-toolbar=\"bottom\" data-toolbar-fixed=\"off\">UPLATNICA-2026<\/a>\n","protected":false},"excerpt":{"rendered":"<p>Dragi u\u010denici, u\u010ditelji i nastavnici, stru\u010dni suradnici, objavili smo popise u\u010denika i hospitanata pozvanih na Novigradsko prolje\u0107e 2026. Molimo, potvrdite sudjelovanje prema ovim uputama: Potvrda sudjelovanja za HOSPITANATE \u2013 rok je 13. o\u017eujka 2026. godine: &#8211; obavezno se ulogirajte u sustav, potvrdu dolaska mogu obaviti isklju\u010divo osobe koje su ispunile prijavnicu &#8211; u tablici pozvanih [&hellip;]<\/p>\n","protected":false},"author":1,"featured_media":13695,"parent":0,"menu_order":0,"comment_status":"closed","ping_status":"closed","template":"","meta":{"footnotes":""},"class_list":["post-103","page","type-page","status-publish","has-post-thumbnail","hentry"],"acf":[],"yoast_head":"<!-- This site is optimized with the Yoast SEO plugin v27.5 - https:\/\/yoast.com\/product\/yoast-seo-wordpress\/ -->\n<title>Prijave za Novigradsko prolje\u0107e<\/title>\n<meta name=\"description\" content=\"Smotra stvarala\u0161tva darovitih u\u010denika osnovne \u0161kole koji se u sklopu izvannastavnih aktivnosti bave stvarala\u0161tvom u jezi\u010dno-umjetni\u010dkom podru\u010dju i u\u010ditelja koji su se istakli radom u jezi\u010dno-umjetni\u010dkom podru\u010dju.\" \/>\n<meta name=\"robots\" content=\"noindex, follow, max-snippet:-1, max-image-preview:large, max-video-preview:-1\" \/>\n<meta property=\"og:locale\" content=\"hr_HR\" \/>\n<meta property=\"og:type\" content=\"article\" \/>\n<meta property=\"og:title\" content=\"Prijave za Novigradsko prolje\u0107e\" \/>\n<meta property=\"og:description\" content=\"Smotra stvarala\u0161tva darovitih u\u010denika osnovne \u0161kole koji se u sklopu izvannastavnih aktivnosti bave stvarala\u0161tvom u jezi\u010dno-umjetni\u010dkom podru\u010dju i u\u010ditelja koji su se istakli radom u jezi\u010dno-umjetni\u010dkom podru\u010dju.\" \/>\n<meta property=\"og:url\" content=\"https:\/\/www.novigradsko-proljece.com\/web\/prijavnice\/\" \/>\n<meta property=\"og:site_name\" content=\"Prijave za Novigradsko prolje\u0107e\" \/>\n<meta property=\"article:modified_time\" content=\"2026-03-10T10:28:10+00:00\" \/>\n<meta property=\"og:image\" content=\"https:\/\/www.novigradsko-proljece.com\/web\/prijavnice\/wp-content\/uploads\/sites\/4\/2021\/12\/kids.jpg\" \/>\n\t<meta property=\"og:image:width\" content=\"2000\" \/>\n\t<meta property=\"og:image:height\" content=\"1333\" \/>\n\t<meta property=\"og:image:type\" content=\"image\/jpeg\" \/>\n<meta name=\"twitter:card\" content=\"summary_large_image\" \/>\n<meta name=\"twitter:label1\" content=\"Procijenjeno vrijeme \u010ditanja\" \/>\n\t<meta name=\"twitter:data1\" content=\"3 minute\" \/>\n<script type=\"application\/ld+json\" class=\"yoast-schema-graph\">{\"@context\":\"https:\\\/\\\/schema.org\",\"@graph\":[{\"@type\":\"WebPage\",\"@id\":\"https:\\\/\\\/www.novigradsko-proljece.com\\\/web\\\/prijavnice\\\/\",\"url\":\"https:\\\/\\\/www.novigradsko-proljece.com\\\/web\\\/prijavnice\\\/\",\"name\":\"Prijave za Novigradsko prolje\u0107e\",\"isPartOf\":{\"@id\":\"https:\\\/\\\/www.novigradsko-proljece.com\\\/web\\\/prijavnice\\\/#website\"},\"primaryImageOfPage\":{\"@id\":\"https:\\\/\\\/www.novigradsko-proljece.com\\\/web\\\/prijavnice\\\/#primaryimage\"},\"image\":{\"@id\":\"https:\\\/\\\/www.novigradsko-proljece.com\\\/web\\\/prijavnice\\\/#primaryimage\"},\"thumbnailUrl\":\"https:\\\/\\\/www.novigradsko-proljece.com\\\/web\\\/prijavnice\\\/wp-content\\\/uploads\\\/sites\\\/4\\\/2021\\\/12\\\/kids.jpg\",\"datePublished\":\"2014-12-15T14:04:19+00:00\",\"dateModified\":\"2026-03-10T10:28:10+00:00\",\"description\":\"Smotra stvarala\u0161tva darovitih u\u010denika osnovne \u0161kole koji se u sklopu izvannastavnih aktivnosti bave stvarala\u0161tvom u jezi\u010dno-umjetni\u010dkom podru\u010dju i u\u010ditelja koji su se istakli radom u jezi\u010dno-umjetni\u010dkom podru\u010dju.\",\"breadcrumb\":{\"@id\":\"https:\\\/\\\/www.novigradsko-proljece.com\\\/web\\\/prijavnice\\\/#breadcrumb\"},\"inLanguage\":\"hr\",\"potentialAction\":[{\"@type\":\"ReadAction\",\"target\":[\"https:\\\/\\\/www.novigradsko-proljece.com\\\/web\\\/prijavnice\\\/\"]}]},{\"@type\":\"ImageObject\",\"inLanguage\":\"hr\",\"@id\":\"https:\\\/\\\/www.novigradsko-proljece.com\\\/web\\\/prijavnice\\\/#primaryimage\",\"url\":\"https:\\\/\\\/www.novigradsko-proljece.com\\\/web\\\/prijavnice\\\/wp-content\\\/uploads\\\/sites\\\/4\\\/2021\\\/12\\\/kids.jpg\",\"contentUrl\":\"https:\\\/\\\/www.novigradsko-proljece.com\\\/web\\\/prijavnice\\\/wp-content\\\/uploads\\\/sites\\\/4\\\/2021\\\/12\\\/kids.jpg\",\"width\":2000,\"height\":1333,\"caption\":\"Children drawing home with crayons. Multiracial group of kids painting multicolored pictures. Vector illustration for childhood, imagination, creativity concept\"},{\"@type\":\"BreadcrumbList\",\"@id\":\"https:\\\/\\\/www.novigradsko-proljece.com\\\/web\\\/prijavnice\\\/#breadcrumb\",\"itemListElement\":[{\"@type\":\"ListItem\",\"position\":1,\"name\":\"Home\",\"item\":\"https:\\\/\\\/www.novigradsko-proljece.com\\\/web\\\/prijavnice\\\/\"},{\"@type\":\"ListItem\",\"position\":2,\"name\":\"Novigradsko prolje\u0107e 2026.\"}]},{\"@type\":\"WebSite\",\"@id\":\"https:\\\/\\\/www.novigradsko-proljece.com\\\/web\\\/prijavnice\\\/#website\",\"url\":\"https:\\\/\\\/www.novigradsko-proljece.com\\\/web\\\/prijavnice\\\/\",\"name\":\"Prijave za Novigradsko prolje\u0107e\",\"description\":\"\u0160kola stvarala\u0161tva\",\"publisher\":{\"@id\":\"https:\\\/\\\/www.novigradsko-proljece.com\\\/web\\\/prijavnice\\\/#organization\"},\"potentialAction\":[{\"@type\":\"SearchAction\",\"target\":{\"@type\":\"EntryPoint\",\"urlTemplate\":\"https:\\\/\\\/www.novigradsko-proljece.com\\\/web\\\/prijavnice\\\/?s={search_term_string}\"},\"query-input\":{\"@type\":\"PropertyValueSpecification\",\"valueRequired\":true,\"valueName\":\"search_term_string\"}}],\"inLanguage\":\"hr\"},{\"@type\":\"Organization\",\"@id\":\"https:\\\/\\\/www.novigradsko-proljece.com\\\/web\\\/prijavnice\\\/#organization\",\"name\":\"Novigradsko prolje\u0107e\",\"url\":\"https:\\\/\\\/www.novigradsko-proljece.com\\\/web\\\/prijavnice\\\/\",\"logo\":{\"@type\":\"ImageObject\",\"inLanguage\":\"hr\",\"@id\":\"https:\\\/\\\/www.novigradsko-proljece.com\\\/web\\\/prijavnice\\\/#\\\/schema\\\/logo\\\/image\\\/\",\"url\":\"http:\\\/\\\/www.novigradsko-proljece.com\\\/web\\\/prijavnice\\\/wp-content\\\/uploads\\\/sites\\\/4\\\/2021\\\/12\\\/kids.jpg\",\"contentUrl\":\"http:\\\/\\\/www.novigradsko-proljece.com\\\/web\\\/prijavnice\\\/wp-content\\\/uploads\\\/sites\\\/4\\\/2021\\\/12\\\/kids.jpg\",\"width\":2000,\"height\":1333,\"caption\":\"Novigradsko prolje\u0107e\"},\"image\":{\"@id\":\"https:\\\/\\\/www.novigradsko-proljece.com\\\/web\\\/prijavnice\\\/#\\\/schema\\\/logo\\\/image\\\/\"}}]}<\/script>\n<!-- \/ Yoast SEO plugin. -->","yoast_head_json":{"title":"Prijave za Novigradsko prolje\u0107e","description":"Smotra stvarala\u0161tva darovitih u\u010denika osnovne \u0161kole koji se u sklopu izvannastavnih aktivnosti bave stvarala\u0161tvom u jezi\u010dno-umjetni\u010dkom podru\u010dju i u\u010ditelja koji su se istakli radom u jezi\u010dno-umjetni\u010dkom podru\u010dju.","robots":{"index":"noindex","follow":"follow","max-snippet":"max-snippet:-1","max-image-preview":"max-image-preview:large","max-video-preview":"max-video-preview:-1"},"og_locale":"hr_HR","og_type":"article","og_title":"Prijave za Novigradsko prolje\u0107e","og_description":"Smotra stvarala\u0161tva darovitih u\u010denika osnovne \u0161kole koji se u sklopu izvannastavnih aktivnosti bave stvarala\u0161tvom u jezi\u010dno-umjetni\u010dkom podru\u010dju i u\u010ditelja koji su se istakli radom u jezi\u010dno-umjetni\u010dkom podru\u010dju.","og_url":"https:\/\/www.novigradsko-proljece.com\/web\/prijavnice\/","og_site_name":"Prijave za Novigradsko prolje\u0107e","article_modified_time":"2026-03-10T10:28:10+00:00","og_image":[{"width":2000,"height":1333,"url":"https:\/\/www.novigradsko-proljece.com\/web\/prijavnice\/wp-content\/uploads\/sites\/4\/2021\/12\/kids.jpg","type":"image\/jpeg"}],"twitter_card":"summary_large_image","twitter_misc":{"Procijenjeno vrijeme \u010ditanja":"3 minute"},"schema":{"@context":"https:\/\/schema.org","@graph":[{"@type":"WebPage","@id":"https:\/\/www.novigradsko-proljece.com\/web\/prijavnice\/","url":"https:\/\/www.novigradsko-proljece.com\/web\/prijavnice\/","name":"Prijave za Novigradsko prolje\u0107e","isPartOf":{"@id":"https:\/\/www.novigradsko-proljece.com\/web\/prijavnice\/#website"},"primaryImageOfPage":{"@id":"https:\/\/www.novigradsko-proljece.com\/web\/prijavnice\/#primaryimage"},"image":{"@id":"https:\/\/www.novigradsko-proljece.com\/web\/prijavnice\/#primaryimage"},"thumbnailUrl":"https:\/\/www.novigradsko-proljece.com\/web\/prijavnice\/wp-content\/uploads\/sites\/4\/2021\/12\/kids.jpg","datePublished":"2014-12-15T14:04:19+00:00","dateModified":"2026-03-10T10:28:10+00:00","description":"Smotra stvarala\u0161tva darovitih u\u010denika osnovne \u0161kole koji se u sklopu izvannastavnih aktivnosti bave stvarala\u0161tvom u jezi\u010dno-umjetni\u010dkom podru\u010dju i u\u010ditelja koji su se istakli radom u jezi\u010dno-umjetni\u010dkom podru\u010dju.","breadcrumb":{"@id":"https:\/\/www.novigradsko-proljece.com\/web\/prijavnice\/#breadcrumb"},"inLanguage":"hr","potentialAction":[{"@type":"ReadAction","target":["https:\/\/www.novigradsko-proljece.com\/web\/prijavnice\/"]}]},{"@type":"ImageObject","inLanguage":"hr","@id":"https:\/\/www.novigradsko-proljece.com\/web\/prijavnice\/#primaryimage","url":"https:\/\/www.novigradsko-proljece.com\/web\/prijavnice\/wp-content\/uploads\/sites\/4\/2021\/12\/kids.jpg","contentUrl":"https:\/\/www.novigradsko-proljece.com\/web\/prijavnice\/wp-content\/uploads\/sites\/4\/2021\/12\/kids.jpg","width":2000,"height":1333,"caption":"Children drawing home with crayons. Multiracial group of kids painting multicolored pictures. Vector illustration for childhood, imagination, creativity concept"},{"@type":"BreadcrumbList","@id":"https:\/\/www.novigradsko-proljece.com\/web\/prijavnice\/#breadcrumb","itemListElement":[{"@type":"ListItem","position":1,"name":"Home","item":"https:\/\/www.novigradsko-proljece.com\/web\/prijavnice\/"},{"@type":"ListItem","position":2,"name":"Novigradsko prolje\u0107e 2026."}]},{"@type":"WebSite","@id":"https:\/\/www.novigradsko-proljece.com\/web\/prijavnice\/#website","url":"https:\/\/www.novigradsko-proljece.com\/web\/prijavnice\/","name":"Prijave za Novigradsko prolje\u0107e","description":"\u0160kola stvarala\u0161tva","publisher":{"@id":"https:\/\/www.novigradsko-proljece.com\/web\/prijavnice\/#organization"},"potentialAction":[{"@type":"SearchAction","target":{"@type":"EntryPoint","urlTemplate":"https:\/\/www.novigradsko-proljece.com\/web\/prijavnice\/?s={search_term_string}"},"query-input":{"@type":"PropertyValueSpecification","valueRequired":true,"valueName":"search_term_string"}}],"inLanguage":"hr"},{"@type":"Organization","@id":"https:\/\/www.novigradsko-proljece.com\/web\/prijavnice\/#organization","name":"Novigradsko prolje\u0107e","url":"https:\/\/www.novigradsko-proljece.com\/web\/prijavnice\/","logo":{"@type":"ImageObject","inLanguage":"hr","@id":"https:\/\/www.novigradsko-proljece.com\/web\/prijavnice\/#\/schema\/logo\/image\/","url":"http:\/\/www.novigradsko-proljece.com\/web\/prijavnice\/wp-content\/uploads\/sites\/4\/2021\/12\/kids.jpg","contentUrl":"http:\/\/www.novigradsko-proljece.com\/web\/prijavnice\/wp-content\/uploads\/sites\/4\/2021\/12\/kids.jpg","width":2000,"height":1333,"caption":"Novigradsko prolje\u0107e"},"image":{"@id":"https:\/\/www.novigradsko-proljece.com\/web\/prijavnice\/#\/schema\/logo\/image\/"}}]}},"_links":{"self":[{"href":"https:\/\/www.novigradsko-proljece.com\/web\/prijavnice\/wp-json\/wp\/v2\/pages\/103","targetHints":{"allow":["GET"]}}],"collection":[{"href":"https:\/\/www.novigradsko-proljece.com\/web\/prijavnice\/wp-json\/wp\/v2\/pages"}],"about":[{"href":"https:\/\/www.novigradsko-proljece.com\/web\/prijavnice\/wp-json\/wp\/v2\/types\/page"}],"author":[{"embeddable":true,"href":"https:\/\/www.novigradsko-proljece.com\/web\/prijavnice\/wp-json\/wp\/v2\/users\/1"}],"replies":[{"embeddable":true,"href":"https:\/\/www.novigradsko-proljece.com\/web\/prijavnice\/wp-json\/wp\/v2\/comments?post=103"}],"version-history":[{"count":89,"href":"https:\/\/www.novigradsko-proljece.com\/web\/prijavnice\/wp-json\/wp\/v2\/pages\/103\/revisions"}],"predecessor-version":[{"id":30666,"href":"https:\/\/www.novigradsko-proljece.com\/web\/prijavnice\/wp-json\/wp\/v2\/pages\/103\/revisions\/30666"}],"wp:featuredmedia":[{"embeddable":true,"href":"https:\/\/www.novigradsko-proljece.com\/web\/prijavnice\/wp-json\/wp\/v2\/media\/13695"}],"wp:attachment":[{"href":"https:\/\/www.novigradsko-proljece.com\/web\/prijavnice\/wp-json\/wp\/v2\/media?parent=103"}],"curies":[{"name":"wp","href":"https:\/\/api.w.org\/{rel}","templated":true}]}}