{"id":478,"date":"2015-04-20T15:46:24","date_gmt":"2015-04-20T13:46:24","guid":{"rendered":"http:\/\/www.novigradsko-proljece.com\/web\/2015\/?page_id=478"},"modified":"2015-04-22T17:06:59","modified_gmt":"2015-04-22T15:06:59","slug":"polaznici-scenske-3","status":"publish","type":"page","link":"https:\/\/www.novigradsko-proljece.com\/web\/2015\/rijec\/polaznici-scenske-3\/","title":{"rendered":"Polaznici scenske 3"},"content":{"rendered":"<p>Ban Valentina,<br \/>\nGaljani\u0107 Bernarda,<br \/>\nGrgi\u0107 Antea,<br \/>\nOre\u0161kovi\u0107 \u00a0Lea,<br \/>\nKova\u010devi\u0107 Manuela,<br \/>\nMavrinac Petra,<br \/>\nMihaji\u0107 Nora,<br \/>\nPavlovi\u0107 Jelena,<br \/>\nPetric Amalija,<br \/>\nPopla\u0161en Katica,<br \/>\nRoce Ivan,<br \/>\nTopi\u0107 Domagoj,<br \/>\nTrava\u0161 Ana Katarina,<br \/>\nValen\u010di\u0107 Jakica,<br \/>\n\u010coga Lucija,<br \/>\nMavrinac Petra,<br \/>\nKere\u017ei Luka,<br \/>\nSiroti\u0107 Tina,<br \/>\nSukhnie Nur<\/p>\n<p>Hospitanti:<\/p>\n<p>Ba\u010dac Marija,<br \/>\nSukorica Jelena<\/p>\n","protected":false},"excerpt":{"rendered":"<p>Ban Valentina, Galjani\u0107 Bernarda, Grgi\u0107 Antea, Ore\u0161kovi\u0107 \u00a0Lea, Kova\u010devi\u0107 Manuela, Mavrinac Petra, Mihaji\u0107 Nora, Pavlovi\u0107 Jelena, Petric Amalija, Popla\u0161en Katica, Roce Ivan, Topi\u0107 Domagoj, Trava\u0161 Ana Katarina, Valen\u010di\u0107 Jakica, \u010coga Lucija, Mavrinac Petra, Kere\u017ei Luka, Siroti\u0107 Tina, Sukhnie Nur Hospitanti: Ba\u010dac Marija, Sukorica Jelena<\/p>\n","protected":false},"author":20,"featured_media":0,"parent":367,"menu_order":0,"comment_status":"open","ping_status":"closed","template":"","meta":{"footnotes":""},"class_list":["post-478","page","type-page","status-publish","hentry"],"_links":{"self":[{"href":"https:\/\/www.novigradsko-proljece.com\/web\/2015\/wp-json\/wp\/v2\/pages\/478","targetHints":{"allow":["GET"]}}],"collection":[{"href":"https:\/\/www.novigradsko-proljece.com\/web\/2015\/wp-json\/wp\/v2\/pages"}],"about":[{"href":"https:\/\/www.novigradsko-proljece.com\/web\/2015\/wp-json\/wp\/v2\/types\/page"}],"author":[{"embeddable":true,"href":"https:\/\/www.novigradsko-proljece.com\/web\/2015\/wp-json\/wp\/v2\/users\/20"}],"replies":[{"embeddable":true,"href":"https:\/\/www.novigradsko-proljece.com\/web\/2015\/wp-json\/wp\/v2\/comments?post=478"}],"version-history":[{"count":2,"href":"https:\/\/www.novigradsko-proljece.com\/web\/2015\/wp-json\/wp\/v2\/pages\/478\/revisions"}],"predecessor-version":[{"id":1040,"href":"https:\/\/www.novigradsko-proljece.com\/web\/2015\/wp-json\/wp\/v2\/pages\/478\/revisions\/1040"}],"up":[{"embeddable":true,"href":"https:\/\/www.novigradsko-proljece.com\/web\/2015\/wp-json\/wp\/v2\/pages\/367"}],"wp:attachment":[{"href":"https:\/\/www.novigradsko-proljece.com\/web\/2015\/wp-json\/wp\/v2\/media?parent=478"}],"curies":[{"name":"wp","href":"https:\/\/api.w.org\/{rel}","templated":true}]}}