{"id":367,"date":"2015-04-20T10:17:37","date_gmt":"2015-04-20T10:17:37","guid":{"rendered":"http:\/\/www.novigradsko-proljece.com\/web\/2015\/?page_id=367"},"modified":"2015-04-22T11:20:53","modified_gmt":"2015-04-22T09:20:53","slug":"rijec","status":"publish","type":"page","link":"https:\/\/www.novigradsko-proljece.com\/web\/2015\/rijec\/","title":{"rendered":"Rije\u010d"},"content":{"rendered":"<p>Zabavno je kako se rije\u010dju, u samo nekoliko minuta \u010ditanja ili govora, ne\u010dije mi\u0161ljenje mo\u017ee rapidno promjeniti. Ljudi vje\u0161ti s rije\u010dima mogu njima u\u010diniti bilo \u0161to. To nam svakodnevno dokazuju Scenska, Filmska, Videodokumentarna, Radijska, Izrada slikovnice, Literarna i radionica Novine na internetu.<\/p>\n","protected":false},"excerpt":{"rendered":"<p>Zabavno je kako se rije\u010dju, u samo nekoliko minuta \u010ditanja ili govora, ne\u010dije mi\u0161ljenje mo\u017ee rapidno promjeniti. Ljudi vje\u0161ti s rije\u010dima mogu njima u\u010diniti bilo \u0161to. To nam svakodnevno dokazuju Scenska, Filmska, Videodokumentarna, Radijska, Izrada slikovnice, Literarna i radionica Novine na internetu.<\/p>\n","protected":false},"author":20,"featured_media":0,"parent":0,"menu_order":0,"comment_status":"open","ping_status":"open","template":"","meta":{"footnotes":""},"class_list":["post-367","page","type-page","status-publish","hentry"],"_links":{"self":[{"href":"https:\/\/www.novigradsko-proljece.com\/web\/2015\/wp-json\/wp\/v2\/pages\/367","targetHints":{"allow":["GET"]}}],"collection":[{"href":"https:\/\/www.novigradsko-proljece.com\/web\/2015\/wp-json\/wp\/v2\/pages"}],"about":[{"href":"https:\/\/www.novigradsko-proljece.com\/web\/2015\/wp-json\/wp\/v2\/types\/page"}],"author":[{"embeddable":true,"href":"https:\/\/www.novigradsko-proljece.com\/web\/2015\/wp-json\/wp\/v2\/users\/20"}],"replies":[{"embeddable":true,"href":"https:\/\/www.novigradsko-proljece.com\/web\/2015\/wp-json\/wp\/v2\/comments?post=367"}],"version-history":[{"count":2,"href":"https:\/\/www.novigradsko-proljece.com\/web\/2015\/wp-json\/wp\/v2\/pages\/367\/revisions"}],"predecessor-version":[{"id":893,"href":"https:\/\/www.novigradsko-proljece.com\/web\/2015\/wp-json\/wp\/v2\/pages\/367\/revisions\/893"}],"wp:attachment":[{"href":"https:\/\/www.novigradsko-proljece.com\/web\/2015\/wp-json\/wp\/v2\/media?parent=367"}],"curies":[{"name":"wp","href":"https:\/\/api.w.org\/{rel}","templated":true}]}}