{"id":355,"date":"2015-04-20T10:10:49","date_gmt":"2015-04-20T10:10:49","guid":{"rendered":"http:\/\/www.novigradsko-proljece.com\/web\/2015\/?page_id=355"},"modified":"2015-04-20T10:10:49","modified_gmt":"2015-04-20T10:10:49","slug":"polaznici-kostimografske-radionice","status":"publish","type":"page","link":"https:\/\/www.novigradsko-proljece.com\/web\/2015\/slika\/polaznici-kostimografske-radionice\/","title":{"rendered":"Polaznici kostimografske radionice"},"content":{"rendered":"<table width=\"837\">\n<tbody>\n<tr>\n<td>Benger<\/td>\n<td>Una<\/td>\n<td>O\u0161 &#8220;Nikola Tesla&#8221;<\/td>\n<td>Osnovna \u0161kola<\/td>\n<td>51000\u00a0 RIJEKA<\/td>\n<td>KOSTIMOGRAFSKA RADIONICA<\/td>\n<\/tr>\n<tr>\n<td>Horvat<\/td>\n<td>Karla<\/td>\n<td>Osnovna \u0161kola Dragutina Ku\u0161lana<\/td>\n<td>Osnovna \u0161kola<\/td>\n<td>10000\u00a0 ZAGREB<\/td>\n<td>KOSTIMOGRAFSKA RADIONICA<\/td>\n<\/tr>\n<tr>\n<td>Kocijan<\/td>\n<td>Ines<\/td>\n<td>XVI. gimnazija<\/td>\n<td>Srednja \u0161kola<\/td>\n<td>10000\u00a0 ZAGREB<\/td>\n<td>KOSTIMOGRAFSKA RADIONICA<\/td>\n<\/tr>\n<tr>\n<td>Radeti\u0107<\/td>\n<td>Alexia<\/td>\n<td>OS JURJA DOBRILE ROVINJ<\/td>\n<td>Osnovna \u0161kola<\/td>\n<td>52210\u00a0 ROVINJ (ROVIGNO)<\/td>\n<td>KOSTIMOGRAFSKA RADIONICA<\/td>\n<\/tr>\n<tr>\n<td>STEPAN<\/td>\n<td>KARLA<\/td>\n<td>Osnovna \u0161kola Donja Stubica<\/td>\n<td>Osnovna \u0161kola<\/td>\n<td>49240\u00a0 DONJA STUBICA<\/td>\n<td>KOSTIMOGRAFSKA RADIONICA<\/td>\n<\/tr>\n<tr>\n<td>Stiz<\/td>\n<td>Elisa<\/td>\n<td>Scuola elementare Italiana &#8211; Talijanska osnovna \u0161kola Cittanova &#8211; Novigrad<\/td>\n<td>Osnovna \u0161kola<\/td>\n<td>52466\u00a0 NOVIGRAD (CITTANOVA)<\/td>\n<td>KOSTIMOGRAFSKA<br \/>\nRADIONICA<\/td>\n<\/tr>\n<\/tbody>\n<\/table>\n<p>&nbsp;<\/p>\n","protected":false},"excerpt":{"rendered":"<p>Benger Una O\u0161 &#8220;Nikola Tesla&#8221; Osnovna \u0161kola 51000\u00a0 RIJEKA KOSTIMOGRAFSKA RADIONICA Horvat Karla Osnovna \u0161kola Dragutina Ku\u0161lana Osnovna \u0161kola 10000\u00a0 ZAGREB KOSTIMOGRAFSKA RADIONICA Kocijan Ines XVI. gimnazija Srednja \u0161kola 10000\u00a0 ZAGREB KOSTIMOGRAFSKA RADIONICA Radeti\u0107 Alexia OS JURJA DOBRILE ROVINJ Osnovna \u0161kola 52210\u00a0 ROVINJ (ROVIGNO) KOSTIMOGRAFSKA RADIONICA STEPAN KARLA Osnovna \u0161kola Donja Stubica Osnovna \u0161kola 49240\u00a0 [&hellip;]<\/p>\n","protected":false},"author":20,"featured_media":0,"parent":369,"menu_order":0,"comment_status":"open","ping_status":"open","template":"","meta":{"footnotes":""},"class_list":["post-355","page","type-page","status-publish","hentry"],"_links":{"self":[{"href":"https:\/\/www.novigradsko-proljece.com\/web\/2015\/wp-json\/wp\/v2\/pages\/355","targetHints":{"allow":["GET"]}}],"collection":[{"href":"https:\/\/www.novigradsko-proljece.com\/web\/2015\/wp-json\/wp\/v2\/pages"}],"about":[{"href":"https:\/\/www.novigradsko-proljece.com\/web\/2015\/wp-json\/wp\/v2\/types\/page"}],"author":[{"embeddable":true,"href":"https:\/\/www.novigradsko-proljece.com\/web\/2015\/wp-json\/wp\/v2\/users\/20"}],"replies":[{"embeddable":true,"href":"https:\/\/www.novigradsko-proljece.com\/web\/2015\/wp-json\/wp\/v2\/comments?post=355"}],"version-history":[{"count":1,"href":"https:\/\/www.novigradsko-proljece.com\/web\/2015\/wp-json\/wp\/v2\/pages\/355\/revisions"}],"predecessor-version":[{"id":356,"href":"https:\/\/www.novigradsko-proljece.com\/web\/2015\/wp-json\/wp\/v2\/pages\/355\/revisions\/356"}],"up":[{"embeddable":true,"href":"https:\/\/www.novigradsko-proljece.com\/web\/2015\/wp-json\/wp\/v2\/pages\/369"}],"wp:attachment":[{"href":"https:\/\/www.novigradsko-proljece.com\/web\/2015\/wp-json\/wp\/v2\/media?parent=355"}],"curies":[{"name":"wp","href":"https:\/\/api.w.org\/{rel}","templated":true}]}}