{"id":343,"date":"2015-04-20T10:01:48","date_gmt":"2015-04-20T08:01:48","guid":{"rendered":"http:\/\/www.novigradsko-proljece.com\/web\/2015\/?page_id=343"},"modified":"2015-04-22T17:07:07","modified_gmt":"2015-04-22T15:07:07","slug":"polaznici-skladateljske-radionice","status":"publish","type":"page","link":"https:\/\/www.novigradsko-proljece.com\/web\/2015\/zvuk\/polaznici-skladateljske-radionice\/","title":{"rendered":"Polaznici skladateljske radionice"},"content":{"rendered":"<table style=\"height: 434px\" width=\"764\">\n<tbody>\n<tr>\n<td>Krasny<\/td>\n<td>Filip<\/td>\n<td>O\u0160 Bakar<\/td>\n<td>Osnovna \u0161kola<\/td>\n<td>51222 Bakar<\/td>\n<td>SKLADATELJSKA RADIONICA<\/td>\n<\/tr>\n<tr>\n<td>Labinjan<\/td>\n<td>Daniel<\/td>\n<td>Osnovna \u0161kola Mate Balote Buje<\/td>\n<td>Osnovna \u0161kola<\/td>\n<td>52460\u00a0 BUJE (BUIE)<\/td>\n<td>SKLADATELJSKA RADIONICA<\/td>\n<\/tr>\n<tr>\n<td>Pavlovi\u0107-Mitrovi\u0107<\/td>\n<td>Lea<\/td>\n<td>Osnovna \u0160kola Pre\u010dko<\/td>\n<td>Osnovna \u0161kola<\/td>\n<td>10000\u00a0 ZAGREB<\/td>\n<td>SKLADATELJSKA RADIONICA<\/td>\n<\/tr>\n<tr>\n<td>Poje<\/td>\n<td>Irena<\/td>\n<td>OSNOVNA \u0160KOLA STJEPANA RADI\u0106A \u010cAGLIN<\/td>\n<td>Osnovna \u0161kola<\/td>\n<td>34350\u00a0 \u010cAGLIN<\/td>\n<td>SKLADATELJSKA RADIONICA<\/td>\n<\/tr>\n<tr>\n<td>Sablji\u0107<\/td>\n<td>Estera<\/td>\n<td>Osnovna \u0161kola Eugena Kumi\u010di\u0107a<\/td>\n<td>Osnovna \u0161kola<\/td>\n<td>10410\u00a0 VELIKA GORICA<\/td>\n<td>SKLADATELJSKA RADIONICA<\/td>\n<\/tr>\n<tr>\n<td>Vrgo\u010d<\/td>\n<td>Eva<\/td>\n<td>O\u0160 Ksavera \u0160andora Gjalskog Zabok<\/td>\n<td>Osnovna \u0161kola<\/td>\n<td>49210\u00a0 ZABOK<\/td>\n<td>SKLADATELJSKA RADIONICA<\/td>\n<\/tr>\n<\/tbody>\n<\/table>\n<p>&nbsp;<\/p>\n<p>Hospitanti:<\/p>\n<table>\n<tbody>\n<tr>\n<td>KRSTINI\u0106<\/td>\n<td>DINKO<\/td>\n<td><\/td>\n<td>Glazbena \u0161kola pri O\u0160 Marija Bistrica<\/td>\n<td>49246\u00a0 MARIJA BISTRICA<\/td>\n<td>SKLADATELJSKA RADIONICA<\/td>\n<\/tr>\n<\/tbody>\n<\/table>\n","protected":false},"excerpt":{"rendered":"<p>Krasny Filip O\u0160 Bakar Osnovna \u0161kola 51222 Bakar SKLADATELJSKA RADIONICA Labinjan Daniel Osnovna \u0161kola Mate Balote Buje Osnovna \u0161kola 52460\u00a0 BUJE (BUIE) SKLADATELJSKA RADIONICA Pavlovi\u0107-Mitrovi\u0107 Lea Osnovna \u0160kola Pre\u010dko Osnovna \u0161kola 10000\u00a0 ZAGREB SKLADATELJSKA RADIONICA Poje Irena OSNOVNA \u0160KOLA STJEPANA RADI\u0106A \u010cAGLIN Osnovna \u0161kola 34350\u00a0 \u010cAGLIN SKLADATELJSKA RADIONICA Sablji\u0107 Estera Osnovna \u0161kola Eugena Kumi\u010di\u0107a Osnovna [&hellip;]<\/p>\n","protected":false},"author":20,"featured_media":0,"parent":371,"menu_order":0,"comment_status":"open","ping_status":"closed","template":"","meta":{"footnotes":""},"class_list":["post-343","page","type-page","status-publish","hentry"],"_links":{"self":[{"href":"https:\/\/www.novigradsko-proljece.com\/web\/2015\/wp-json\/wp\/v2\/pages\/343","targetHints":{"allow":["GET"]}}],"collection":[{"href":"https:\/\/www.novigradsko-proljece.com\/web\/2015\/wp-json\/wp\/v2\/pages"}],"about":[{"href":"https:\/\/www.novigradsko-proljece.com\/web\/2015\/wp-json\/wp\/v2\/types\/page"}],"author":[{"embeddable":true,"href":"https:\/\/www.novigradsko-proljece.com\/web\/2015\/wp-json\/wp\/v2\/users\/20"}],"replies":[{"embeddable":true,"href":"https:\/\/www.novigradsko-proljece.com\/web\/2015\/wp-json\/wp\/v2\/comments?post=343"}],"version-history":[{"count":2,"href":"https:\/\/www.novigradsko-proljece.com\/web\/2015\/wp-json\/wp\/v2\/pages\/343\/revisions"}],"predecessor-version":[{"id":1041,"href":"https:\/\/www.novigradsko-proljece.com\/web\/2015\/wp-json\/wp\/v2\/pages\/343\/revisions\/1041"}],"up":[{"embeddable":true,"href":"https:\/\/www.novigradsko-proljece.com\/web\/2015\/wp-json\/wp\/v2\/pages\/371"}],"wp:attachment":[{"href":"https:\/\/www.novigradsko-proljece.com\/web\/2015\/wp-json\/wp\/v2\/media?parent=343"}],"curies":[{"name":"wp","href":"https:\/\/api.w.org\/{rel}","templated":true}]}}