{"id":299,"date":"2015-04-20T08:49:48","date_gmt":"2015-04-20T08:49:48","guid":{"rendered":"http:\/\/www.novigradsko-proljece.com\/web\/2015\/?page_id=299"},"modified":"2015-04-20T08:59:10","modified_gmt":"2015-04-20T08:59:10","slug":"programsko-vijece","status":"publish","type":"page","link":"https:\/\/www.novigradsko-proljece.com\/web\/2015\/o-nama\/programsko-vijece\/","title":{"rendered":"Programsko vije\u0107e"},"content":{"rendered":"<ol>\n<li>Davorka Parma\u010d, prof., O\u0160 \u201eRivarela\u201c, Novigrad<\/li>\n<li>Jo\u017ea Prudeus, prof., slobodni umjetnik, Samobor<\/li>\n<li>Maja Zrn\u010di\u0107, prof., Ministarstvo kulture RH-a, Zagreb<\/li>\n<li>Doris Kova\u010di\u0107, prof., Glazbena \u0161kola I. M. Ronjgova, Rijeka<\/li>\n<li>Theodor de Canziani, prof., Prva su\u0161a\u010dka hrvatska gimnazija, Rijeka<\/li>\n<li>Sonja Ivi\u0107, u\u010diteljica, O\u0160 Vladimir Gortan, Rijeka<\/li>\n<li>Mirjana \u017du\u017ei\u0107, u\u010diteljica, Pe\u0107ine 1a, 51000 Rijeka<\/li>\n<\/ol>\n<p>Programsko vije\u0107e odgovara za program i rad \u0160kole stvarala\u0161tva \u201eNovigradsko prolje\u0107e\u201c i podnosi Agenciji za odgoj i obrazovanje izvje\u0161\u0107e o ostvarenju programa te predla\u017ee mjere za pobolj\u0161anje rada.<\/p>\n<p>Ima zada\u0107u pripremiti prostor za rad, pribaviti materijal za rad radionica, nastavna sredstva i pomagala, osigurati nesmetan rad \u0160kole stvarala\u0161tva i smje\u0161taj u\u010denika, hospitanata i voditelja radionica te koordinirati rad radionica.<\/p>\n<p>&nbsp;<\/p>\n","protected":false},"excerpt":{"rendered":"<p>Davorka Parma\u010d, prof., O\u0160 \u201eRivarela\u201c, Novigrad Jo\u017ea Prudeus, prof., slobodni umjetnik, Samobor Maja Zrn\u010di\u0107, prof., Ministarstvo kulture RH-a, Zagreb Doris Kova\u010di\u0107, prof., Glazbena \u0161kola I. M. Ronjgova, Rijeka Theodor de Canziani, prof., Prva su\u0161a\u010dka hrvatska gimnazija, Rijeka Sonja Ivi\u0107, u\u010diteljica, O\u0160 Vladimir Gortan, Rijeka Mirjana \u017du\u017ei\u0107, u\u010diteljica, Pe\u0107ine 1a, 51000 Rijeka Programsko vije\u0107e odgovara za [&hellip;]<\/p>\n","protected":false},"author":20,"featured_media":0,"parent":240,"menu_order":0,"comment_status":"open","ping_status":"open","template":"","meta":{"footnotes":""},"class_list":["post-299","page","type-page","status-publish","hentry"],"_links":{"self":[{"href":"https:\/\/www.novigradsko-proljece.com\/web\/2015\/wp-json\/wp\/v2\/pages\/299","targetHints":{"allow":["GET"]}}],"collection":[{"href":"https:\/\/www.novigradsko-proljece.com\/web\/2015\/wp-json\/wp\/v2\/pages"}],"about":[{"href":"https:\/\/www.novigradsko-proljece.com\/web\/2015\/wp-json\/wp\/v2\/types\/page"}],"author":[{"embeddable":true,"href":"https:\/\/www.novigradsko-proljece.com\/web\/2015\/wp-json\/wp\/v2\/users\/20"}],"replies":[{"embeddable":true,"href":"https:\/\/www.novigradsko-proljece.com\/web\/2015\/wp-json\/wp\/v2\/comments?post=299"}],"version-history":[{"count":2,"href":"https:\/\/www.novigradsko-proljece.com\/web\/2015\/wp-json\/wp\/v2\/pages\/299\/revisions"}],"predecessor-version":[{"id":309,"href":"https:\/\/www.novigradsko-proljece.com\/web\/2015\/wp-json\/wp\/v2\/pages\/299\/revisions\/309"}],"up":[{"embeddable":true,"href":"https:\/\/www.novigradsko-proljece.com\/web\/2015\/wp-json\/wp\/v2\/pages\/240"}],"wp:attachment":[{"href":"https:\/\/www.novigradsko-proljece.com\/web\/2015\/wp-json\/wp\/v2\/media?parent=299"}],"curies":[{"name":"wp","href":"https:\/\/api.w.org\/{rel}","templated":true}]}}