{"id":79,"date":"2019-04-08T10:16:54","date_gmt":"2019-04-08T08:16:54","guid":{"rendered":"http:\/\/www.novigradsko-proljece.com\/web\/2019\/?page_id=79"},"modified":"2019-04-10T09:48:10","modified_gmt":"2019-04-10T07:48:10","slug":"impressum","status":"publish","type":"page","link":"http:\/\/www.novigradsko-proljece.com\/web\/2019\/impressum\/","title":{"rendered":"Impressum"},"content":{"rendered":"<div style=\"float:left;margin-right:10px;\"><iframe loading=\"lazy\" height=\"69\" width=\"53\" src=\"http:\/\/widgets.fbshare.me\/files\/fbshare.php?url=http:\/\/www.novigradsko-proljece.com\/web\/2019\/impressum\/&title=Impressum&size=large\" frameborder=\"0\" scrolling=\"no\" allowtransparency=\"true\"><\/iframe><\/div><p>Novinari:<\/p>\n<p>Niko Antunovi\u0107<\/p>\n<p>Matija Antunovi\u0107<\/p>\n<p>Sun\u010dica Boban<\/p>\n<p>Matea Brautovi\u0107<\/p>\n<p>Nina Br\u010di\u0107<\/p>\n<p>Dora Dejanovi\u0107<\/p>\n<p>Ella I\u0161ek<\/p>\n<p>Leona Jal\u0161ovec<\/p>\n<p>Dora Kavicki<\/p>\n<p>Magdalena Mi\u0107anovi\u0107<\/p>\n<p>Erin Radizlovi\u0107<\/p>\n<p>Marija Ra\u010di\u0107<\/p>\n<p>Nika Rihtari\u0107<\/p>\n<p>Fran Ro\u0161ko<\/p>\n<p>Paola Seku\u0161ak<\/p>\n<p>Martina Sumina<\/p>\n<p>Matea Vrabec<\/p>\n<p>Eleonora \u0160afar<\/p>\n<p>Lucija \u0160alkovi\u0107<\/p>\n<p>Sophie Noa \u017divkovi\u0107<\/p>\n<p>&nbsp;<\/p>\n<p>Hospitanti:<\/p>\n<p>Ivana Hrenar<\/p>\n<p>Dijana Po\u017egaj<\/p>\n<p>&nbsp;<\/p>\n<p>Voditeljica:<\/p>\n<p>Kristina Kova\u010devi\u0107<\/p>\n","protected":false},"excerpt":{"rendered":"<p>Novinari: Niko Antunovi\u0107 Matija Antunovi\u0107 Sun\u010dica Boban Matea Brautovi\u0107 Nina Br\u010di\u0107 Dora Dejanovi\u0107 Ella I\u0161ek Leona Jal\u0161ovec Dora Kavicki Magdalena Mi\u0107anovi\u0107 Erin Radizlovi\u0107 Marija Ra\u010di\u0107 Nika Rihtari\u0107 Fran Ro\u0161ko Paola Seku\u0161ak Martina Sumina Matea&#46;&#46;&#46;<\/p>\n","protected":false},"author":982,"featured_media":0,"parent":0,"menu_order":0,"comment_status":"closed","ping_status":"closed","template":"","meta":{"jetpack_post_was_ever_published":false,"footnotes":""},"class_list":["post-79","page","type-page","status-publish","hentry"],"jetpack_sharing_enabled":true,"jetpack_shortlink":"https:\/\/wp.me\/PaSBYO-1h","_links":{"self":[{"href":"http:\/\/www.novigradsko-proljece.com\/web\/2019\/wp-json\/wp\/v2\/pages\/79","targetHints":{"allow":["GET"]}}],"collection":[{"href":"http:\/\/www.novigradsko-proljece.com\/web\/2019\/wp-json\/wp\/v2\/pages"}],"about":[{"href":"http:\/\/www.novigradsko-proljece.com\/web\/2019\/wp-json\/wp\/v2\/types\/page"}],"author":[{"embeddable":true,"href":"http:\/\/www.novigradsko-proljece.com\/web\/2019\/wp-json\/wp\/v2\/users\/982"}],"replies":[{"embeddable":true,"href":"http:\/\/www.novigradsko-proljece.com\/web\/2019\/wp-json\/wp\/v2\/comments?post=79"}],"version-history":[{"count":3,"href":"http:\/\/www.novigradsko-proljece.com\/web\/2019\/wp-json\/wp\/v2\/pages\/79\/revisions"}],"predecessor-version":[{"id":625,"href":"http:\/\/www.novigradsko-proljece.com\/web\/2019\/wp-json\/wp\/v2\/pages\/79\/revisions\/625"}],"wp:attachment":[{"href":"http:\/\/www.novigradsko-proljece.com\/web\/2019\/wp-json\/wp\/v2\/media?parent=79"}],"curies":[{"name":"wp","href":"https:\/\/api.w.org\/{rel}","templated":true}]}}