{"id":735,"date":"2017-04-05T15:09:02","date_gmt":"2017-04-05T13:09:02","guid":{"rendered":"http:\/\/www.novigradsko-proljece.com\/web\/2017\/?page_id=735"},"modified":"2017-04-06T12:27:09","modified_gmt":"2017-04-06T10:27:09","slug":"impressum","status":"publish","type":"page","link":"http:\/\/www.novigradsko-proljece.com\/web\/2017\/impressum\/","title":{"rendered":"Impressum"},"content":{"rendered":"<p>Voditelj<\/p>\n<p>Kristina Kova\u010devi\u0107<\/p>\n<p>&nbsp;<\/p>\n<p>Novinari<\/p>\n<p>Lorena Filko<\/p>\n<p>Elin Frankovi\u0107<\/p>\n<p>Ana &#8211; Marija Haramustek<\/p>\n<p>Marta Hren<\/p>\n<p>Paula Jozi\u0107<\/p>\n<p>Ema Ku\u010di\u0161<\/p>\n<p>Mia Ku\u010di\u0161<\/p>\n<p>Maja Maru\u0161i\u0107<\/p>\n<p>Lara Mar\u010dec<\/p>\n<p>Nina Matanovi\u0107<\/p>\n<p>Magdalena Mi\u0107anovi\u0107<\/p>\n<p>Glorija Pahor<\/p>\n<p>Marija Vali\u0107<\/p>\n<p>Karlo Vu\u010deti\u0107<\/p>\n<p>Matija Zlatari\u0107<\/p>\n<p>Lucija \u0160alkovi\u0107<\/p>\n<p>Maja \u0160krlin<\/p>\n<p>Sophie Noa \u017divkovi\u0107<\/p>\n<p>&nbsp;<\/p>\n<p>Hospitantice<\/p>\n<p>Dijana Dill<\/p>\n<p>Ana Lisica<\/p>\n<p>Sanja Milolo\u017ea<\/p>\n<p>&nbsp;<\/p>\n<p>&nbsp;<\/p>\n<p>Sve ostalo<\/p>\n<p>Endy Krt<\/p>\n<p>&nbsp;<\/p>\n","protected":false},"excerpt":{"rendered":"<p>Voditelj Kristina Kova\u010devi\u0107 &nbsp; Novinari Lorena Filko Elin Frankovi\u0107 Ana &#8211; Marija Haramustek Marta Hren Paula Jozi\u0107 Ema Ku\u010di\u0161 Mia Ku\u010di\u0161 Maja Maru\u0161i\u0107 Lara Mar\u010dec Nina Matanovi\u0107 Magdalena Mi\u0107anovi\u0107 Glorija Pahor Marija Vali\u0107 Karlo Vu\u010deti\u0107 Matija Zlatari\u0107 Lucija \u0160alkovi\u0107 Maja \u0160krlin Sophie Noa \u017divkovi\u0107 &nbsp; Hospitantice Dijana Dill Ana Lisica Sanja Milolo\u017ea &nbsp; &nbsp; Sve [&hellip;]<\/p>\n","protected":false},"author":982,"featured_media":0,"parent":0,"menu_order":0,"comment_status":"closed","ping_status":"closed","template":"","meta":{"footnotes":""},"class_list":["post-735","page","type-page","status-publish","hentry"],"_links":{"self":[{"href":"http:\/\/www.novigradsko-proljece.com\/web\/2017\/wp-json\/wp\/v2\/pages\/735","targetHints":{"allow":["GET"]}}],"collection":[{"href":"http:\/\/www.novigradsko-proljece.com\/web\/2017\/wp-json\/wp\/v2\/pages"}],"about":[{"href":"http:\/\/www.novigradsko-proljece.com\/web\/2017\/wp-json\/wp\/v2\/types\/page"}],"author":[{"embeddable":true,"href":"http:\/\/www.novigradsko-proljece.com\/web\/2017\/wp-json\/wp\/v2\/users\/982"}],"replies":[{"embeddable":true,"href":"http:\/\/www.novigradsko-proljece.com\/web\/2017\/wp-json\/wp\/v2\/comments?post=735"}],"version-history":[{"count":5,"href":"http:\/\/www.novigradsko-proljece.com\/web\/2017\/wp-json\/wp\/v2\/pages\/735\/revisions"}],"predecessor-version":[{"id":979,"href":"http:\/\/www.novigradsko-proljece.com\/web\/2017\/wp-json\/wp\/v2\/pages\/735\/revisions\/979"}],"wp:attachment":[{"href":"http:\/\/www.novigradsko-proljece.com\/web\/2017\/wp-json\/wp\/v2\/media?parent=735"}],"curies":[{"name":"wp","href":"https:\/\/api.w.org\/{rel}","templated":true}]}}